{"id":11,"date":"2026-02-26T12:54:23","date_gmt":"2026-02-26T15:54:23","guid":{"rendered":"https:\/\/mutreta.top\/wiki\/?page_id=11"},"modified":"2026-03-24T13:05:50","modified_gmt":"2026-03-24T16:05:50","slug":"informacoes","status":"publish","type":"page","link":"https:\/\/mutreta.top\/wiki\/informacoes\/","title":{"rendered":"Nossos Diferenciais"},"content":{"rendered":"\n<hr class=\"wp-block-separator has-alpha-channel-opacity\"\/>\n\n\n\n<p><\/p>\n\n\n\n<p class=\"has-medium-font-size\">\u2694\ufe0f <strong>Experimente as<\/strong> <strong>14 classes<\/strong><\/p>\n\n\n\n<ul class=\"wp-block-list\">\n<li>Al\u00e9m das classes j\u00e1 bastante difundidas, contamos tamb\u00e9m com:<\/li>\n<\/ul>\n\n\n\n<ul class=\"wp-block-list\">\n<li><strong>Summoner:<\/strong>\u00a0invocadora perita em dano explosivo (Berserker) ou maldi\u00e7\u00f5es em \u00e1rea (Darkness).<\/li>\n\n\n\n<li><strong>Rage Fighter:<\/strong>\u00a0lutador corpo a corpo cujo poder aumenta ao perder vida, e que buffa aliados.<\/li>\n\n\n\n<li><strong>Light Wizard:<\/strong>\u00a0mago que utiliza magia sagrada de luz para causar dano e proteger aliados.<\/li>\n\n\n\n<li><strong>Rune Wizard:<\/strong>\u00a0controla o campo de batalha com magia de runas para dano e suporte t\u00e1tico.<\/li>\n\n\n\n<li><strong>Grow Lancer:<\/strong>\u00a0lanceira vers\u00e1til que alterna entre dano f\u00edsico (For\u00e7a) e elemental (Agilidade).<\/li>\n\n\n\n<li><strong>Slayer:<\/strong>\u00a0assassina \u00e1gil que ataca com adagas e morcegos, causando dano explosivo e sumindo.<\/li>\n\n\n\n<li><strong>Gun Crusher:<\/strong>\u00a0atirador leal ao imp\u00e9rio que utiliza uma magic gun e a Energia como atributo principal.<\/li>\n\n\n\n<li><strong>Lemuria Mage:<\/strong>\u00a0aprendiz de Kundun que luta com orbes e ganha poder ao lado de seu mestre.<\/li>\n\n\n\n<li><strong>Illusion Knight:<\/strong>\u00a0cavaleiro que luta ao lado de uma c\u00f3pia ilus\u00f3ria de si mesmo para ataques em \u00e1rea.<\/li>\n<\/ul>\n\n\n\n<p class=\"has-medium-font-size\">\u26a1 <strong>Evolu\u00e7\u00e3o at\u00e9 5\u00aa classe<\/strong><\/p>\n\n\n\n<ul class=\"wp-block-list\">\n<li>Alcance patamares jamais vistos antes com a progress\u00e3o at\u00e9 a 5\u00aa classe!<\/li>\n<\/ul>\n\n\n\n<p class=\"has-medium-font-size\">\ud83d\udcb0 <strong>Sistema de premia\u00e7\u00e3o por hora jogada<\/strong><\/p>\n\n\n\n<ul class=\"wp-block-list\">\n<li>Sinta seu tempo valorizado, ganhando Moedas Virtuais (&#8220;cash&#8221;) e Pontos Goblin para trocar por diversas recompensas, simplesmente por estar jogando!<\/li>\n<\/ul>\n\n\n\n<p class=\"has-medium-font-size\">\ud83c\udf81 <strong>Sistema de caixas de recompensas<\/strong><\/p>\n\n\n\n<ul class=\"wp-block-list\">\n<li>Seja durante o farm, eventos ou matando bosses, receba constantemente caixas de recompensas, contendo moedas Ruud, joias especiais e diversos itens desejados para a progress\u00e3o. Sinta seu tempo valorizado enquanto joga o conte\u00fado de sua prefer\u00eancia!<\/li>\n<\/ul>\n\n\n\n<p class=\"has-medium-font-size\">\ud83d\udcc8 <strong>Sistema de premia\u00e7\u00e3o por placares<\/strong><\/p>\n\n\n\n<ul class=\"wp-block-list\">\n<li>Os jogadores mais dedicados em eventos s\u00e3o premiados diariamente com moedas Ruud al\u00e9m das recompensas padr\u00e3o, oferecendo um avan\u00e7o de progress\u00e3o diferenciado. Dispute com outros jogadores alcance a gl\u00f3ria!<\/li>\n<\/ul>\n\n\n\n<p class=\"has-medium-font-size\">\ud83e\udd16 <strong>MU Helper (auto-farm)<\/strong><\/p>\n\n\n\n<ul class=\"wp-block-list\">\n<li>Acesso completo ao MU Helper (auto-farm), incluindo auto-loot, auto-potion e muito mais. L\u00edderes de grupo podem controlar membros e o MU Helper deles. Possui registro de farm (Hunting Log) para acompanhar o progresso do auto-farm.<\/li>\n<\/ul>\n\n\n\n<p class=\"has-medium-font-size\">\ud83d\ude34 <strong>Sistema de auto-farm offline<\/strong><\/p>\n\n\n\n<ul class=\"wp-block-list\">\n<li>Dormir d\u00e1 EXP sim! Continue a progredir enquanto dorme ou trabalha! Economize na conta de energia enquanto seu progresso \u00e9 garantido com o computador desligado!<\/li>\n<\/ul>\n\n\n\n<p class=\"has-medium-font-size\"><strong>\ud83d\udc80 Sistema de PK exclusivo MuTreta<\/strong><\/p>\n\n\n\n<ul class=\"wp-block-list\">\n<li>Jogadores assassinos n\u00e3o sofrem penalidade de perda de itens, mas t\u00eam o custo de teletransporte aumentado drasticamente, criando zonas de combates localizados em torno das localiza\u00e7\u00f5es dos assassinos, tornando o combate mais visceral, cont\u00ednuo e emocionante! \u00c9 poss\u00edvel limpar a reputa\u00e7\u00e3o em nosso site por uma taxa de Zen, sem envolver dinheiro real.<\/li>\n<\/ul>\n\n\n\n<p class=\"has-medium-font-size\">\u2728 <strong>Sistema de joias especiais<\/strong><\/p>\n\n\n\n<ul class=\"wp-block-list\">\n<li>Conseguiu o seu t\u00e3o desejado item, mas n\u00e3o veio como esperava? Transforme itens normais em excelentes, adicione op\u00e7\u00f5es at\u00e9 +28 e aprimore-os at\u00e9 +15 sem transtornos e sem falhas com as joias especiais Excess, Dark Life, Kundun e muitas outras!<\/li>\n<\/ul>\n\n\n\n<p class=\"has-medium-font-size\">\ud83d\udcc8 <strong>N\u00edvel m\u00e1ximo<\/strong> <strong>aumentado<\/strong><\/p>\n\n\n\n<ul class=\"wp-block-list\">\n<li>Ampliada a jornada para o n\u00edvel 1550, com novos desafios e conte\u00fados lhe esperando.<\/li>\n<\/ul>\n\n\n\n<p class=\"has-medium-font-size\">\ud83c\udf0b <strong>Mapas<\/strong> <strong>desafiadores<\/strong><\/p>\n\n\n\n<ul class=\"wp-block-list\">\n<li>Novos mapas adicionados, tais como &#8220;Kanturu Underground&#8221;, &#8220;Ignis Volcano&#8221; e v\u00e1rios outros.<\/li>\n<\/ul>\n\n\n\n<p class=\"has-medium-font-size\">\ud83d\udce6 <strong><strong>Gest\u00e3o de invent\u00e1rio<\/strong><\/strong><\/p>\n\n\n\n<ul class=\"wp-block-list\">\n<li>Acumule toneladas de joias (jewels) at\u00e9 255 unidades por unidade de espa\u00e7o, sem custos, e aproveite bot\u00f5es como &#8220;empilhar&#8221;, &#8220;separar&#8221; e outros que facilitam o uso do invent\u00e1rio.<\/li>\n<\/ul>\n\n\n\n<p class=\"has-medium-font-size\">\ud83d\udc0e <strong>Montarias<\/strong> <strong>reformuladas<\/strong><\/p>\n\n\n\n<ul class=\"wp-block-list\">\n<li>Acelere a jogatina, utilizando montarias direto do invent\u00e1rio sem desequipar guardi\u00f5es.<\/li>\n<\/ul>\n\n\n\n<p class=\"has-medium-font-size\">\ud83d\udc3c <strong>Sistema de ajudantes<\/strong><\/p>\n\n\n\n<ul class=\"wp-block-list\">\n<li>Ajudantes Muun participam do combate e evoluem com o jogador. Montarias e Guardi\u00f5es agora podem ser evolu\u00eddos. Guardi\u00f5es de auto-coleta de Zen dispon\u00edveis para todos.<\/li>\n<\/ul>\n\n\n\n<p class=\"has-medium-font-size\">\ud83d\udcbc <strong>Sistema de lojas pessoais<\/strong><\/p>\n\n\n\n<ul class=\"wp-block-list\">\n<li>Negocie com os jogadores de forma pr\u00e1tica e r\u00e1pida, ganhando tempo.<\/li>\n<\/ul>\n\n\n\n<p class=\"has-medium-font-size\">\ud83c\udfd6\ufe0f <strong>Sistema de vendas offline<\/strong><\/p>\n\n\n\n<ul class=\"wp-block-list\">\n<li>Negocie com jogadores enquanto estiver offline. Curta mais a vida!<\/li>\n<\/ul>\n\n\n\n<p class=\"has-medium-font-size\"><strong>\ud83c\udf40 Moss Merchant reformulado<\/strong><\/p>\n\n\n\n<ul class=\"wp-block-list\">\n<li>Teste sua sorte e tenha a chance de receber itens fant\u00e1sticos, muito al\u00e9m das recompensas padr\u00e3o oferecidas pelo Moss Merchant. Uma exclusividade MuTreta!<\/li>\n<\/ul>\n\n\n\n<p class=\"has-medium-font-size\">\ud83c\udf8a <strong>Eventos<\/strong> <strong>autom\u00e1ticos<\/strong><\/p>\n\n\n\n<ul class=\"wp-block-list\">\n<li>Al\u00e9m dos cl\u00e1ssicos Chaos Castle, Blood Castle e Devil Square, contamos tamb\u00e9m com o Imperial Guardian, Doppelganger, Maze of Dimensions, Boss Battle Together, al\u00e9m de diversos eventos de mundo aberto e invas\u00f5es que acontecem durante todo o dia. Aproveite!<\/li>\n<\/ul>\n\n\n\n<p class=\"has-medium-font-size\">\ud83c\ude32 <strong>Jogo traduzido<\/strong><\/p>\n\n\n\n<ul class=\"wp-block-list\">\n<li>Aproveite as interfaces, miss\u00f5es e di\u00e1logos j\u00e1 em portugu\u00eas.<\/li>\n<\/ul>\n\n\n\n<p class=\"has-medium-font-size\">\ud83d\ude80 <strong>Atualiza\u00e7\u00f5es autom\u00e1ticas<\/strong><\/p>\n\n\n\n<ul class=\"wp-block-list\">\n<li>Economize tempo recebendo atualiza\u00e7\u00f5es sem baixar nada manualmente.<\/li>\n<\/ul>\n\n\n\n<p class=\"has-medium-font-size\">\ud83d\udcb8 <strong>Sem vendas de itens por dinheiro real<\/strong><\/p>\n\n\n\n<ul class=\"wp-block-list\">\n<li>Aprecie um jogo justo de verdade, como todos deveriam ser!<\/li>\n<\/ul>\n\n\n\n<p class=\"has-medium-font-size\">\ud83d\udc8e <strong>Jewel of Harmony<\/strong><\/p>\n\n\n\n<ul class=\"wp-block-list\">\n<li>Sistema completamente renovado, podendo ser usado em itens de socket e set, al\u00e9m de excelentes. Itens com op\u00e7\u00e3o Harmony agora podem ser negociados (trocados). Novas op\u00e7\u00f5es de Harmony para armas e armaduras. Agora concede de 1 a 3 op\u00e7\u00f5es aleat\u00f3rias por item.<\/li>\n<\/ul>\n\n\n\n<p class=\"has-medium-font-size\">\ud83d\udce5 <strong>Sistema de Sockets<\/strong><\/p>\n\n\n\n<ul class=\"wp-block-list\">\n<li>Expans\u00e3o do sistema de sockets, permitindo a cria\u00e7\u00e3o de Seed Spheres de n\u00edvel 10 com atributos de For\u00e7a, Agilidade e Energia.<\/li>\n<\/ul>\n\n\n\n<p class=\"has-medium-font-size\">\ud83d\udd4b <strong>Sistema de Pentagramas<\/strong><\/p>\n\n\n\n<ul class=\"wp-block-list\">\n<li>O equipamento &#8220;pentagrama&#8221; possui caracter\u00edsticas especiais, acrescentando um rico sistema de combate elemental e mais espa\u00e7o para progredir!<\/li>\n<\/ul>\n\n\n\n<p class=\"has-medium-font-size\">\u26b1\ufe0f <strong>Sistema de Artefatos<\/strong><\/p>\n\n\n\n<ul class=\"wp-block-list\">\n<li>Introdu\u00e7\u00e3o do novo equipamento &#8220;artefato&#8221;, obtido no evento Baruka, que concede poder significativo e aumento de atributos.<\/li>\n<\/ul>\n\n\n\n<p class=\"has-medium-font-size\">\ud83d\udc68\u200d\ud83d\udc69\u200d\ud83d\udc67\u200d\ud83d\udc66 <strong>Party<\/strong><\/p>\n\n\n\n<ul class=\"wp-block-list\">\n<li>Economize tempo se teletransportando automaticamente at\u00e9 um membro do seu grupo.<\/li>\n<\/ul>\n\n\n\n<p class=\"has-medium-font-size\">\u23f1\ufe0f <strong>Atalhos<\/strong><\/p>\n\n\n\n<ul class=\"wp-block-list\">\n<li>Organize livremente o seu jogo designando qualquer habilidade \u00e0s 10 teclas de atalho.<\/li>\n<\/ul>\n\n\n\n<p class=\"has-medium-font-size\">\ud83d\udc7c <strong>Asas<\/strong><\/p>\n\n\n\n<ul class=\"wp-block-list\">\n<li>Nova forma de fabricar asas vinculadas (bound) com 100% de chance usando &#8220;Magic Solutions&#8221; e &#8220;Magic Bubbles&#8221; obtidas de monstros. N\u00edvel necess\u00e1rio para equipar as 1\u00aas asas reduzido para 150.<\/li>\n<\/ul>\n\n\n\n<p class=\"has-medium-font-size\"><strong>\ud83d\ude0c <strong>Qualidade de Vida<\/strong><\/strong><\/p>\n\n\n\n<ul class=\"wp-block-list\">\n<li>Adicionada fun\u00e7\u00e3o de zoom no personagem para maior imers\u00e3o no jogo.<\/li>\n<\/ul>\n\n\n\n<p><\/p>\n","protected":false},"excerpt":{"rendered":"<div class=\"mh-excerpt\"><p>\u2694\ufe0f Experimente as 14 classes \u26a1 Evolu\u00e7\u00e3o at\u00e9 5\u00aa classe \ud83d\udcb0 Sistema de premia\u00e7\u00e3o por hora jogada \ud83c\udf81 Sistema de caixas de recompensas \ud83d\udcc8 Sistema <a class=\"mh-excerpt-more\" href=\"https:\/\/mutreta.top\/wiki\/informacoes\/\" title=\"Nossos Diferenciais\">[&#8230;]<\/a><\/p>\n<\/div>","protected":false},"author":1,"featured_media":0,"parent":0,"menu_order":0,"comment_status":"closed","ping_status":"closed","template":"","meta":{"footnotes":""},"class_list":["post-11","page","type-page","status-publish","hentry"],"_links":{"self":[{"href":"https:\/\/mutreta.top\/wiki\/wp-json\/wp\/v2\/pages\/11","targetHints":{"allow":["GET"]}}],"collection":[{"href":"https:\/\/mutreta.top\/wiki\/wp-json\/wp\/v2\/pages"}],"about":[{"href":"https:\/\/mutreta.top\/wiki\/wp-json\/wp\/v2\/types\/page"}],"author":[{"embeddable":true,"href":"https:\/\/mutreta.top\/wiki\/wp-json\/wp\/v2\/users\/1"}],"replies":[{"embeddable":true,"href":"https:\/\/mutreta.top\/wiki\/wp-json\/wp\/v2\/comments?post=11"}],"version-history":[{"count":85,"href":"https:\/\/mutreta.top\/wiki\/wp-json\/wp\/v2\/pages\/11\/revisions"}],"predecessor-version":[{"id":904,"href":"https:\/\/mutreta.top\/wiki\/wp-json\/wp\/v2\/pages\/11\/revisions\/904"}],"wp:attachment":[{"href":"https:\/\/mutreta.top\/wiki\/wp-json\/wp\/v2\/media?parent=11"}],"curies":[{"name":"wp","href":"https:\/\/api.w.org\/{rel}","templated":true}]}}