{"id":207,"date":"2026-03-03T12:06:29","date_gmt":"2026-03-03T15:06:29","guid":{"rendered":"https:\/\/mutreta.top\/wiki\/?page_id=207"},"modified":"2026-04-02T17:40:31","modified_gmt":"2026-04-02T20:40:31","slug":"sistema-vip","status":"publish","type":"page","link":"https:\/\/mutreta.top\/wiki\/sistema-vip\/","title":{"rendered":"Sistema VIP"},"content":{"rendered":"\n<hr class=\"wp-block-separator has-alpha-channel-opacity\"\/>\n\n\n\n<p><\/p>\n\n\n\n<p>No intuito de manter nosso projeto autossustent\u00e1vel a longo prazo, gratuito para todos e justo de verdade, alguns benef\u00edcios s\u00e3o oferecidos aos nossos doadores, pois sem eles este projeto jamais seria poss\u00edvel.<\/p>\n\n\n\n<p>No esp\u00edrito de balancear a jogabilidade o melhor que podemos, <strong>n\u00f3s jamais ofereceremos, seja hoje ou no futuro, acesso a conte\u00fados exclusivos ou itens que apenas os jogadores VIP poderiam ter<\/strong>. Isso iria totalmente contra a filosofia que seguimos no projeto, que \u00e9 oferecer uma experi\u00eancia de jogo justa de verdade para todos.<\/p>\n\n\n\n<p>Abaixo, a listagem dos benef\u00edcios que oferecemos aos nossos doadores:<\/p>\n\n\n\n<figure class=\"wp-block-table\"><table class=\"has-fixed-layout\"><tbody><tr><td class=\"has-text-align-center\" data-align=\"center\">VIP Premium<\/td><td class=\"has-text-align-left\" data-align=\"left\">Opcional e v\u00e1lido por 30 dias<br>+100% Experi\u00eancia<br>+10% Chance de Drop<br>+100% Moedas Virtuais por hora<br>+100% Pontos Goblin<br>At\u00e9 +2500 Ruud por dia aos ranqueados em eventos<\/td><\/tr><tr><td class=\"has-text-align-center\" data-align=\"center\">VIP Platina<\/td><td class=\"has-text-align-left\" data-align=\"left\">Opcional e v\u00e1lido por 30 dias<br>+140% Experi\u00eancia<br>+20% Chance de Drop<br>+140% Moedas Virtuais por hora<br>+140% Pontos Goblin<br>At\u00e9 +5000 Ruud por dia aos ranqueados em eventos<\/td><\/tr><tr><td class=\"has-text-align-center\" data-align=\"center\">VIP Diamante<\/td><td class=\"has-text-align-left\" data-align=\"left\">Opcional e v\u00e1lido por 30 dias<br>+200% Experi\u00eancia<br>+30% Chance de Drop<br>+200% Moedas Virtuais por hora<br>+200% Pontos Goblin<br>At\u00e9 +7500 Ruud por dia aos ranqueados em eventos<\/td><\/tr><\/tbody><\/table><\/figure>\n\n\n\n<p>Desde j\u00e1, nossa equipe agradece tanto os que considerarem se tornar VIP quanto os jogadores que n\u00e3o podem doar mas ajudam a divulgar nosso projeto para todos!<\/p>\n\n\n\n<p><\/p>\n\n\n\n<p><\/p>\n","protected":false},"excerpt":{"rendered":"<div class=\"mh-excerpt\"><p>No intuito de manter nosso projeto autossustent\u00e1vel a longo prazo, gratuito para todos e justo de verdade, alguns benef\u00edcios s\u00e3o oferecidos aos nossos doadores, pois <a class=\"mh-excerpt-more\" href=\"https:\/\/mutreta.top\/wiki\/sistema-vip\/\" title=\"Sistema VIP\">[&#8230;]<\/a><\/p>\n<\/div>","protected":false},"author":1,"featured_media":0,"parent":0,"menu_order":0,"comment_status":"closed","ping_status":"closed","template":"","meta":{"footnotes":""},"class_list":["post-207","page","type-page","status-publish","hentry"],"_links":{"self":[{"href":"https:\/\/mutreta.top\/wiki\/wp-json\/wp\/v2\/pages\/207","targetHints":{"allow":["GET"]}}],"collection":[{"href":"https:\/\/mutreta.top\/wiki\/wp-json\/wp\/v2\/pages"}],"about":[{"href":"https:\/\/mutreta.top\/wiki\/wp-json\/wp\/v2\/types\/page"}],"author":[{"embeddable":true,"href":"https:\/\/mutreta.top\/wiki\/wp-json\/wp\/v2\/users\/1"}],"replies":[{"embeddable":true,"href":"https:\/\/mutreta.top\/wiki\/wp-json\/wp\/v2\/comments?post=207"}],"version-history":[{"count":14,"href":"https:\/\/mutreta.top\/wiki\/wp-json\/wp\/v2\/pages\/207\/revisions"}],"predecessor-version":[{"id":978,"href":"https:\/\/mutreta.top\/wiki\/wp-json\/wp\/v2\/pages\/207\/revisions\/978"}],"wp:attachment":[{"href":"https:\/\/mutreta.top\/wiki\/wp-json\/wp\/v2\/media?parent=207"}],"curies":[{"name":"wp","href":"https:\/\/api.w.org\/{rel}","templated":true}]}}