{"id":23,"date":"2026-02-26T13:04:20","date_gmt":"2026-02-26T16:04:20","guid":{"rendered":"https:\/\/mutreta.top\/wiki\/?page_id=23"},"modified":"2026-03-05T10:16:16","modified_gmt":"2026-03-05T13:16:16","slug":"receitas-do-caos","status":"publish","type":"page","link":"https:\/\/mutreta.top\/wiki\/receitas-do-caos\/","title":{"rendered":"Receitas"},"content":{"rendered":"\n<h3 class=\"wp-block-heading\">Guardi\u00f5es (Pets)<\/h3>\n\n\n\n<ul class=\"wp-block-list\">\n<li><strong>Dark Horse<\/strong>: 1 Dark Horse Spirit + 1 Jewel of Creation + 5 Jewels of Bless + 5 Jewels of Soul + 1 Jewel of Chaos\u00a0<a href=\"https:\/\/antila.foroactivo.com\/t5-las-guia-base-que-todo-server-debe-tener#27\" target=\"_blank\" rel=\"noreferrer noopener\"><\/a><\/li>\n\n\n\n<li><strong>Dark Raven<\/strong>: 1 Dark Raven Spirit + 1 Jewel of Creation + 2 Jewels of Bless + 2 Jewels of Soul + 1 Jewel of Chaos\u00a0<\/li>\n\n\n\n<li><strong>Piece of Horn<\/strong>: 20 Splinter of Armor + 20 Bless of Guardian + 1 Jewel of Chaos<\/li>\n\n\n\n<li><strong>Broken Horn<\/strong>: 5 Piece of Horn + 10 Claw of Beast + 1 Jewel of Chaos<\/li>\n\n\n\n<li><strong>Horn of Fenrir<\/strong>: 1 Broken Horn + 3 Jewels of Life + 1 Jewel of Chaos<\/li>\n<\/ul>\n\n\n\n<h3 class=\"wp-block-heading\">Asas<\/h3>\n\n\n\n<p><strong>Asas N\u00edvel 1<\/strong><\/p>\n\n\n\n<ul class=\"wp-block-list\">\n<li><strong>1st Level Wings<\/strong>: 1 Jewel of Chaos + 1 Chaos Weapon +4+4 or higher<\/li>\n\n\n\n<li><strong>Cape of Lord<\/strong>: 1 Jewel of Chaos + 1 Crest of Monarch + 1 1st Level Wing<\/li>\n<\/ul>\n\n\n\n<p><strong>Asas N\u00edvel 2<\/strong><\/p>\n\n\n\n<ul class=\"wp-block-list\">\n<li><strong>2nd Level Wings<\/strong>: 1 Jewel of Chaos + 1 Loch&#8217;s Feather + 1 1st Level Wing<\/li>\n<\/ul>\n\n\n\n<p><strong>Asas N\u00edvel 3<\/strong><\/p>\n\n\n\n<ul class=\"wp-block-list\">\n<li><strong>Feather of Condor<\/strong>: 1 2nd Level Wing+9+option + 1 Jewel of Creation + 1 Jewel of Chaos + 1 Bundle of 10 Jewels of Soul + 1 Ancient Item+7+option<\/li>\n\n\n\n<li><strong>3rd Level Wings<\/strong>: 1 Feather of Condor + 1 Excellent Item+9+option + 1 Jewel of Chaos + 1 Jewel of Creation + 1 Bundle of 10 Jewels of Bless + 1 Bundle of 10 Jewels of Soul + 1 Flame of Condor<\/li>\n<\/ul>\n\n\n\n<p><strong>Asas N\u00edvel 4<\/strong><\/p>\n\n\n\n<ul class=\"wp-block-list\">\n<li><strong>Garuda&#8217;s Feather<\/strong>: 1 3rd Level Wing+13+option 4 or higher + 1 Higher Magic Stone + 30 Jewels of Chaos + 30 Jewels of Soul + 30 Jewels of Bless + 30 Jewels of Creation\u00a0<a href=\"https:\/\/muonline.fandom.com\/wiki\/Wings\" target=\"_blank\" rel=\"noreferrer noopener\"><\/a><a href=\"https:\/\/wiki.realmu.net\/index.php?title=Wing_Level_4&amp;oldid=3090\" target=\"_blank\" rel=\"noreferrer noopener\"><\/a><\/li>\n\n\n\n<li><strong>4th Level Wings<\/strong>: 1 Garuda&#8217;s Feather + 1 Garuda&#8217;s Flame + 50 Golden Crests + 1 Higher Magic Stone + 30 Jewels of Chaos + 30 Jewels of Soul + 30 Jewels of Bless + 30 Jewels of Creation\u00a0<a href=\"https:\/\/muonline.fandom.com\/wiki\/Wings\" target=\"_blank\" rel=\"noreferrer noopener\"><\/a><a href=\"https:\/\/www.mutop100.com\/de\/guides\/mu-online-create-new-wings\" target=\"_blank\" rel=\"noreferrer noopener\"><\/a><\/li>\n<\/ul>\n\n\n\n<p><strong>Asas N\u00edvel 5<\/strong><\/p>\n\n\n\n<ul class=\"wp-block-list\">\n<li><strong>Lv. 5 Wings Divine Object<\/strong>: 1 4th Level Wing +13+4 options or higher + 100 Jewels of Bless + 100 Jewels of Soul + 100 Jewels of Creation + 100 Jewels of Chaos + 100 Golden Crests + 100 Feathers of Uriel\u00a0<a href=\"https:\/\/muonline.webzen.com\/es\/gameinfo\/guide\/detail\/339\" target=\"_blank\" rel=\"noreferrer noopener\"><\/a><a href=\"https:\/\/www.muonline.ai\/guide\/en\/muonline-wings.html\" target=\"_blank\" rel=\"noreferrer noopener\"><\/a><a href=\"http:\/\/wiki.realmu.net\/index.php?title=Wing_Level_5&amp;direction=prev&amp;oldid=3094\" target=\"_blank\" rel=\"noreferrer noopener\"><\/a><\/li>\n\n\n\n<li><strong>5th Level Wings<\/strong>: 1 Lv. 5 Wings Divine Object + 1 or more Ultimate Magic Crystal\u00a0<a href=\"https:\/\/muonline.webzen.com\/es\/gameinfo\/guide\/detail\/339\" target=\"_blank\" rel=\"noreferrer noopener\"><\/a><a href=\"https:\/\/www.muonline.ai\/guide\/en\/muonline-wings.html\" target=\"_blank\" rel=\"noreferrer noopener\"><\/a><\/li>\n<\/ul>\n\n\n\n<p><strong>N\u00facleos de Asa N\u00edvel 5<\/strong><\/p>\n\n\n\n<ul class=\"wp-block-list\">\n<li><strong>Pure Wing Core (Type 1)<\/strong>: 1 Pure Wing Core Blueprint (Type 1) + 100 Jewels of Bless + 100 Jewels of Soul + 100 Jewels of Creation + 100 Jewels of Chaos + 50 Feathers of Uriel\u00a0<a href=\"https:\/\/muonline.webzen.com\/es\/gameinfo\/guide\/detail\/339\" target=\"_blank\" rel=\"noreferrer noopener\"><\/a><\/li>\n\n\n\n<li><strong>Wing Core Upgrade<\/strong>: 1 Wing Core (Type 1) + X Wing Core Upgrade Stones + Zen\u00a0<\/li>\n<\/ul>\n\n\n\n<h3 class=\"wp-block-heading\">Armas<\/h3>\n\n\n\n<ul class=\"wp-block-list\">\n<li><strong>Chaos Weapon<\/strong>: 1 Jewel of Chaos + 1 Any Item +4+4 or higher<\/li>\n<\/ul>\n\n\n\n<h3 class=\"wp-block-heading\">Aprimoramento de Itens<\/h3>\n\n\n\n<ul class=\"wp-block-list\">\n<li><strong>Item +10<\/strong>: Item+9 + 1 Jewel of Chaos + 1 Jewel of Soul + 1 Jewel of Bless<\/li>\n\n\n\n<li><strong>Item +11<\/strong>: Item+10 + 1 Jewel of Chaos + 2 Jewels of Soul + 2 Jewels of Bless<\/li>\n\n\n\n<li><strong>Item +12<\/strong>: Item+11 + 1 Jewel of Chaos + 3 Jewels of Soul + 3 Jewels of Bless<\/li>\n\n\n\n<li><strong>Item +13<\/strong>: Item+12 + 1 Jewel of Chaos + 4 Jewels of Soul + 4 Jewels of Bless<\/li>\n<\/ul>\n\n\n\n<h3 class=\"wp-block-heading\">Convites e Itens Diversos<\/h3>\n\n\n\n<ul class=\"wp-block-list\">\n<li><strong>Fruit<\/strong>: 1 Jewel of Creation + 1 Jewel of Chaos<\/li>\n\n\n\n<li><strong>Blood Castle Ticket<\/strong>: 1 Jewel of Chaos + 1 Blood Scroll + 1 Blood Fang (same level)<\/li>\n\n\n\n<li><strong>Devil&#8217;s Square Ticket<\/strong>: 1 Jewel of Chaos + 1 Devil&#8217;s Eye + 1 Devil&#8217;s Key (same level)<\/li>\n\n\n\n<li><strong>Bless Potion<\/strong>: 1 Jewel of Bless<\/li>\n\n\n\n<li><strong>Soul Potion<\/strong>: 1 Jewel of Soul<\/li>\n<\/ul>\n\n\n\n<p><\/p>\n","protected":false},"excerpt":{"rendered":"<div class=\"mh-excerpt\"><p>Guardi\u00f5es (Pets) Asas Asas N\u00edvel 1 Asas N\u00edvel 2 Asas N\u00edvel 3 Asas N\u00edvel 4 Asas N\u00edvel 5 N\u00facleos de Asa N\u00edvel 5 Armas Aprimoramento <a class=\"mh-excerpt-more\" href=\"https:\/\/mutreta.top\/wiki\/receitas-do-caos\/\" title=\"Receitas\">[&#8230;]<\/a><\/p>\n<\/div>","protected":false},"author":1,"featured_media":0,"parent":0,"menu_order":0,"comment_status":"closed","ping_status":"closed","template":"","meta":{"footnotes":""},"class_list":["post-23","page","type-page","status-publish","hentry"],"_links":{"self":[{"href":"https:\/\/mutreta.top\/wiki\/wp-json\/wp\/v2\/pages\/23","targetHints":{"allow":["GET"]}}],"collection":[{"href":"https:\/\/mutreta.top\/wiki\/wp-json\/wp\/v2\/pages"}],"about":[{"href":"https:\/\/mutreta.top\/wiki\/wp-json\/wp\/v2\/types\/page"}],"author":[{"embeddable":true,"href":"https:\/\/mutreta.top\/wiki\/wp-json\/wp\/v2\/users\/1"}],"replies":[{"embeddable":true,"href":"https:\/\/mutreta.top\/wiki\/wp-json\/wp\/v2\/comments?post=23"}],"version-history":[{"count":8,"href":"https:\/\/mutreta.top\/wiki\/wp-json\/wp\/v2\/pages\/23\/revisions"}],"predecessor-version":[{"id":446,"href":"https:\/\/mutreta.top\/wiki\/wp-json\/wp\/v2\/pages\/23\/revisions\/446"}],"wp:attachment":[{"href":"https:\/\/mutreta.top\/wiki\/wp-json\/wp\/v2\/media?parent=23"}],"curies":[{"name":"wp","href":"https:\/\/api.w.org\/{rel}","templated":true}]}}