{"id":384,"date":"2026-03-03T20:03:46","date_gmt":"2026-03-03T23:03:46","guid":{"rendered":"https:\/\/mutreta.top\/wiki\/?page_id=384"},"modified":"2026-03-09T12:32:23","modified_gmt":"2026-03-09T15:32:23","slug":"raul","status":"publish","type":"page","link":"https:\/\/mutreta.top\/wiki\/raul\/","title":{"rendered":"Joalheiro Raul"},"content":{"rendered":"\n<h3 class=\"wp-block-heading\">\ud83d\udc8e Quem \u00e9 o <em>Joalheiro Raul<\/em>?<\/h3>\n\n\n\n<figure class=\"wp-block-image size-full\"><img loading=\"lazy\" decoding=\"async\" width=\"825\" height=\"597\" src=\"https:\/\/mutreta.top\/wiki\/wp-content\/uploads\/2026\/03\/joalheiro-raul.png\" alt=\"\" class=\"wp-image-646\" srcset=\"https:\/\/mutreta.top\/wiki\/wp-content\/uploads\/2026\/03\/joalheiro-raul.png 825w, https:\/\/mutreta.top\/wiki\/wp-content\/uploads\/2026\/03\/joalheiro-raul-300x217.png 300w, https:\/\/mutreta.top\/wiki\/wp-content\/uploads\/2026\/03\/joalheiro-raul-768x556.png 768w\" sizes=\"auto, (max-width: 825px) 100vw, 825px\" \/><\/figure>\n\n\n\n<p><strong>Raul, o Joalheiro Maluco<\/strong>, \u00e9 um vendedor de preciosidades, do qual os jogadores podem conseguir <strong>acess\u00f3rios excelentes maximizados, brincos, joias e outras recompensas raras<\/strong> em troca de <strong>Goblin Points<\/strong>. Ele \u00e9 um NPC permanente que reside em Noria fumando o seu cachimbo enquanto aguarda por clientes.<\/p>\n\n\n\n<hr class=\"wp-block-separator has-alpha-channel-opacity\"\/>\n\n\n\n<h3 class=\"wp-block-heading\">\ud83d\udccd Onde Encontrar<\/h3>\n\n\n\n<p>O nome do NPC \u00e9:<\/p>\n\n\n\n<ul class=\"wp-block-list\">\n<li>Jeweler Raul<\/li>\n<\/ul>\n\n\n\n<p>Ele aparece normalmente em:<\/p>\n\n\n\n<ul class=\"wp-block-list\">\n<li>Noria (189, 126)<\/li>\n<\/ul>\n\n\n\n<hr class=\"wp-block-separator has-alpha-channel-opacity\"\/>\n\n\n\n<h3 class=\"wp-block-heading\">\u2699\ufe0f Como Funciona<\/h3>\n\n\n\n<p>Voc\u00ea fala com o Raul e escolhe qual item deseja comprar por Goblin Points. Nenhum outro recurso \u00e9 consumido no ato da compra.<\/p>\n\n\n\n<ul class=\"wp-block-list\">\n<li>Cuidado! Alguns itens s\u00e3o caixas aleat\u00f3rias e pode vir algo bom ou ruim, a depender da sua <strong>sorte<\/strong>.<\/li>\n<\/ul>\n\n\n\n<hr class=\"wp-block-separator has-alpha-channel-opacity\"\/>\n\n\n\n<h3 class=\"wp-block-heading\">\ud83d\udcb0 Como Obter Goblin Points<\/h3>\n\n\n\n<p>Para conseguir Goblin Points \u00e9 muito simples!<\/p>\n\n\n\n<p>Todo jogador do MuTreta recebe <strong>Goblin Points por hora<\/strong>, simplesmente ao jogar. N\u00e3o \u00e9 necess\u00e1rio nenhum tipo de tarefa para isso.<\/p>\n\n\n\n<hr class=\"wp-block-separator has-alpha-channel-opacity\"\/>\n\n\n\n<h3 class=\"wp-block-heading\">\ud83c\udfaf Objetivo do NPC<\/h3>\n\n\n\n<p>O objetivo \u00e9:<\/p>\n\n\n\n<p>\u2714\ufe0f Oferecer aos jogadores uma op\u00e7\u00e3o para obter itens muito valiosos com um pouco de sorte e recursos<br>\u2714\ufe0f Usar como alternativa para acelerar a progress\u00e3o e tamb\u00e9m conseguir certos itens raros<\/p>\n\n\n\n<hr class=\"wp-block-separator has-alpha-channel-opacity\"\/>\n\n\n\n<h3 class=\"wp-block-heading\">\ud83d\udcca Entenda a Economia do Servidor<\/h3>\n\n\n\n<p>Antes de gastar seus Goblin Points:<\/p>\n\n\n\n<ul class=\"wp-block-list\">\n<li>Veja pre\u00e7o m\u00e9dio dos itens do Raul no mercado entre jogadores<\/li>\n\n\n\n<li>Compare com valor que pode gastar<\/li>\n\n\n\n<li>Avalie se compensa comprar do Raul ou direto de outro jogador<\/li>\n<\/ul>\n\n\n\n<p>Em muitos casos, comprar de jogadores compensa mais, visto que Goblin Points \u00e9 uma moeda demorada para se obter em maiores quantidades.<\/p>\n","protected":false},"excerpt":{"rendered":"<div class=\"mh-excerpt\"><p>\ud83d\udc8e Quem \u00e9 o Joalheiro Raul? Raul, o Joalheiro Maluco, \u00e9 um vendedor de preciosidades, do qual os jogadores podem conseguir acess\u00f3rios excelentes maximizados, brincos, <a class=\"mh-excerpt-more\" href=\"https:\/\/mutreta.top\/wiki\/raul\/\" title=\"Joalheiro Raul\">[&#8230;]<\/a><\/p>\n<\/div>","protected":false},"author":1,"featured_media":0,"parent":0,"menu_order":0,"comment_status":"closed","ping_status":"closed","template":"","meta":{"footnotes":""},"class_list":["post-384","page","type-page","status-publish","hentry"],"_links":{"self":[{"href":"https:\/\/mutreta.top\/wiki\/wp-json\/wp\/v2\/pages\/384","targetHints":{"allow":["GET"]}}],"collection":[{"href":"https:\/\/mutreta.top\/wiki\/wp-json\/wp\/v2\/pages"}],"about":[{"href":"https:\/\/mutreta.top\/wiki\/wp-json\/wp\/v2\/types\/page"}],"author":[{"embeddable":true,"href":"https:\/\/mutreta.top\/wiki\/wp-json\/wp\/v2\/users\/1"}],"replies":[{"embeddable":true,"href":"https:\/\/mutreta.top\/wiki\/wp-json\/wp\/v2\/comments?post=384"}],"version-history":[{"count":8,"href":"https:\/\/mutreta.top\/wiki\/wp-json\/wp\/v2\/pages\/384\/revisions"}],"predecessor-version":[{"id":661,"href":"https:\/\/mutreta.top\/wiki\/wp-json\/wp\/v2\/pages\/384\/revisions\/661"}],"wp:attachment":[{"href":"https:\/\/mutreta.top\/wiki\/wp-json\/wp\/v2\/media?parent=384"}],"curies":[{"name":"wp","href":"https:\/\/api.w.org\/{rel}","templated":true}]}}