{"id":457,"date":"2026-03-05T10:45:17","date_gmt":"2026-03-05T13:45:17","guid":{"rendered":"https:\/\/mutreta.top\/wiki\/?page_id=457"},"modified":"2026-03-08T16:10:35","modified_gmt":"2026-03-08T19:10:35","slug":"jogo-em-tela-cheia-borderless","status":"publish","type":"page","link":"https:\/\/mutreta.top\/wiki\/jogo-em-tela-cheia-borderless\/","title":{"rendered":"Jogar em Tela Cheia (Borderless)"},"content":{"rendered":"\n<p>Para <strong>fazer o jogo ocupar a tela inteira em modo Borderless<\/strong> (e ainda corrigir o FPS do jogo), use o programa <a href=\"https:\/\/store.steampowered.com\/app\/993090\/Lossless_Scaling\/\" target=\"_blank\" rel=\"noreferrer noopener\">Lossless Scaling<\/a> e utilize as configura\u00e7\u00f5es recomendadas abaixo:<\/p>\n\n\n\n<figure class=\"wp-block-image size-full\"><img loading=\"lazy\" decoding=\"async\" width=\"896\" height=\"691\" src=\"https:\/\/mutreta.top\/wiki\/wp-content\/uploads\/2026\/03\/lossless-scaling-2.png\" alt=\"\" class=\"wp-image-609\" srcset=\"https:\/\/mutreta.top\/wiki\/wp-content\/uploads\/2026\/03\/lossless-scaling-2.png 896w, https:\/\/mutreta.top\/wiki\/wp-content\/uploads\/2026\/03\/lossless-scaling-2-300x231.png 300w, https:\/\/mutreta.top\/wiki\/wp-content\/uploads\/2026\/03\/lossless-scaling-2-768x592.png 768w\" sizes=\"auto, (max-width: 896px) 100vw, 896px\" \/><\/figure>\n\n\n\n<p>Se o seu monitor tiver suporte e voc\u00ea preferir, \u00e9 poss\u00edvel aumentar o FPS ainda mais alterando o &#8220;alvo&#8221; de 60 para valores mais elevados (75, 120, 144, 165 e assim por diante). No entanto, \u00e9 importante ressaltar que o MU Online n\u00e3o se beneficia de taxas de quadros (FPS) acima de 60, sendo portanto apenas uma melhoria visual.<\/p>\n","protected":false},"excerpt":{"rendered":"<div class=\"mh-excerpt\"><p>Para fazer o jogo ocupar a tela inteira em modo Borderless (e ainda corrigir o FPS do jogo), use o programa Lossless Scaling e utilize <a class=\"mh-excerpt-more\" href=\"https:\/\/mutreta.top\/wiki\/jogo-em-tela-cheia-borderless\/\" title=\"Jogar em Tela Cheia (Borderless)\">[&#8230;]<\/a><\/p>\n<\/div>","protected":false},"author":1,"featured_media":0,"parent":0,"menu_order":0,"comment_status":"closed","ping_status":"closed","template":"","meta":{"footnotes":""},"class_list":["post-457","page","type-page","status-publish","hentry"],"_links":{"self":[{"href":"https:\/\/mutreta.top\/wiki\/wp-json\/wp\/v2\/pages\/457","targetHints":{"allow":["GET"]}}],"collection":[{"href":"https:\/\/mutreta.top\/wiki\/wp-json\/wp\/v2\/pages"}],"about":[{"href":"https:\/\/mutreta.top\/wiki\/wp-json\/wp\/v2\/types\/page"}],"author":[{"embeddable":true,"href":"https:\/\/mutreta.top\/wiki\/wp-json\/wp\/v2\/users\/1"}],"replies":[{"embeddable":true,"href":"https:\/\/mutreta.top\/wiki\/wp-json\/wp\/v2\/comments?post=457"}],"version-history":[{"count":5,"href":"https:\/\/mutreta.top\/wiki\/wp-json\/wp\/v2\/pages\/457\/revisions"}],"predecessor-version":[{"id":610,"href":"https:\/\/mutreta.top\/wiki\/wp-json\/wp\/v2\/pages\/457\/revisions\/610"}],"wp:attachment":[{"href":"https:\/\/mutreta.top\/wiki\/wp-json\/wp\/v2\/media?parent=457"}],"curies":[{"name":"wp","href":"https:\/\/api.w.org\/{rel}","templated":true}]}}