{"id":538,"date":"2026-03-06T15:44:08","date_gmt":"2026-03-06T18:44:08","guid":{"rendered":"https:\/\/mutreta.top\/wiki\/?page_id=538"},"modified":"2026-04-07T12:20:11","modified_gmt":"2026-04-07T15:20:11","slug":"como-jogar","status":"publish","type":"page","link":"https:\/\/mutreta.top\/wiki\/como-jogar\/","title":{"rendered":"Como Jogar"},"content":{"rendered":"\n<hr class=\"wp-block-separator has-alpha-channel-opacity\"\/>\n\n\n\n<p><\/p>\n\n\n\n<p class=\"has-medium-font-size\">Boas vindas ao MuTreta!<\/p>\n\n\n\n<p class=\"has-medium-font-size\">Para come\u00e7ar a jogar, \u00e9 bastante simples.<\/p>\n\n\n\n<p class=\"has-medium-font-size\"><strong>Siga os passos a seguir:<\/strong><\/p>\n\n\n\n<ul class=\"wp-block-list\">\n<li class=\"has-medium-font-size\"><strong>Baixe o jogo<\/strong> em nossa p\u00e1gina oficial: <a href=\"https:\/\/mutreta.top\/downloads\/?page=downloads\">https:\/\/mutreta.top\/downloads\/?page=downloads<\/a><\/li>\n<\/ul>\n\n\n\n<figure class=\"wp-block-image size-full\"><img loading=\"lazy\" decoding=\"async\" width=\"994\" height=\"344\" src=\"https:\/\/mutreta.top\/wiki\/wp-content\/uploads\/2026\/04\/guia-instalacao-baixar.png\" alt=\"\" class=\"wp-image-1022\" srcset=\"https:\/\/mutreta.top\/wiki\/wp-content\/uploads\/2026\/04\/guia-instalacao-baixar.png 994w, https:\/\/mutreta.top\/wiki\/wp-content\/uploads\/2026\/04\/guia-instalacao-baixar-300x104.png 300w, https:\/\/mutreta.top\/wiki\/wp-content\/uploads\/2026\/04\/guia-instalacao-baixar-768x266.png 768w\" sizes=\"auto, (max-width: 994px) 100vw, 994px\" \/><\/figure>\n\n\n\n<ul class=\"wp-block-list\">\n<li class=\"has-medium-font-size\">Aguarde o arquivo ser <strong>baixado<\/strong>:<\/li>\n<\/ul>\n\n\n\n<figure class=\"wp-block-image size-full\"><img loading=\"lazy\" decoding=\"async\" width=\"323\" height=\"154\" src=\"https:\/\/mutreta.top\/wiki\/wp-content\/uploads\/2026\/03\/image.png\" alt=\"\" class=\"wp-image-540\" srcset=\"https:\/\/mutreta.top\/wiki\/wp-content\/uploads\/2026\/03\/image.png 323w, https:\/\/mutreta.top\/wiki\/wp-content\/uploads\/2026\/03\/image-300x143.png 300w\" sizes=\"auto, (max-width: 323px) 100vw, 323px\" \/><\/figure>\n\n\n\n<ul class=\"wp-block-list\">\n<li class=\"has-medium-font-size\"><strong>Abra o instalador<\/strong> dentro do arquivo que voc\u00ea acabou de baixar:<\/li>\n<\/ul>\n\n\n\n<figure class=\"wp-block-image size-full\"><img loading=\"lazy\" decoding=\"async\" width=\"405\" height=\"208\" src=\"https:\/\/mutreta.top\/wiki\/wp-content\/uploads\/2026\/03\/image-13.png\" alt=\"\" class=\"wp-image-566\" srcset=\"https:\/\/mutreta.top\/wiki\/wp-content\/uploads\/2026\/03\/image-13.png 405w, https:\/\/mutreta.top\/wiki\/wp-content\/uploads\/2026\/03\/image-13-300x154.png 300w\" sizes=\"auto, (max-width: 405px) 100vw, 405px\" \/><\/figure>\n\n\n\n<ul class=\"wp-block-list\">\n<li class=\"has-medium-font-size\">Ao abrir o instalador, clique no texto sublinhado &#8220;<strong>Mais informa\u00e7\u00f5es<\/strong>&#8220;:<\/li>\n<\/ul>\n\n\n\n<figure class=\"wp-block-image size-full\"><img loading=\"lazy\" decoding=\"async\" width=\"528\" height=\"495\" src=\"https:\/\/mutreta.top\/wiki\/wp-content\/uploads\/2026\/04\/guia-instalacao-mais-detalhes.png\" alt=\"\" class=\"wp-image-1016\" srcset=\"https:\/\/mutreta.top\/wiki\/wp-content\/uploads\/2026\/04\/guia-instalacao-mais-detalhes.png 528w, https:\/\/mutreta.top\/wiki\/wp-content\/uploads\/2026\/04\/guia-instalacao-mais-detalhes-300x281.png 300w\" sizes=\"auto, (max-width: 528px) 100vw, 528px\" \/><\/figure>\n\n\n\n<ul class=\"wp-block-list\">\n<li class=\"has-medium-font-size\">Em seguida clique em  &#8220;<strong>Executar mesmo assim<\/strong>&#8220;:<\/li>\n<\/ul>\n\n\n\n<figure class=\"wp-block-image size-full\"><img loading=\"lazy\" decoding=\"async\" width=\"525\" height=\"489\" src=\"https:\/\/mutreta.top\/wiki\/wp-content\/uploads\/2026\/04\/guia-instalacao-executar-assim-mesmo.png\" alt=\"\" class=\"wp-image-1018\" srcset=\"https:\/\/mutreta.top\/wiki\/wp-content\/uploads\/2026\/04\/guia-instalacao-executar-assim-mesmo.png 525w, https:\/\/mutreta.top\/wiki\/wp-content\/uploads\/2026\/04\/guia-instalacao-executar-assim-mesmo-300x279.png 300w\" sizes=\"auto, (max-width: 525px) 100vw, 525px\" \/><\/figure>\n\n\n\n<ul class=\"wp-block-list\">\n<li class=\"has-medium-font-size\">Aceite <strong>instalar para todos os usu\u00e1rios<\/strong> (evita problemas futuros no jogo):<\/li>\n<\/ul>\n\n\n\n<figure class=\"wp-block-image size-full\"><img loading=\"lazy\" decoding=\"async\" width=\"380\" height=\"300\" src=\"https:\/\/mutreta.top\/wiki\/wp-content\/uploads\/2026\/04\/guia-instalacao-instalar-para-todos-usuarios.png\" alt=\"\" class=\"wp-image-1020\" srcset=\"https:\/\/mutreta.top\/wiki\/wp-content\/uploads\/2026\/04\/guia-instalacao-instalar-para-todos-usuarios.png 380w, https:\/\/mutreta.top\/wiki\/wp-content\/uploads\/2026\/04\/guia-instalacao-instalar-para-todos-usuarios-300x237.png 300w\" sizes=\"auto, (max-width: 380px) 100vw, 380px\" \/><\/figure>\n\n\n\n<ul class=\"wp-block-list\">\n<li class=\"has-medium-font-size\">Pressione &#8220;<strong>Sim<\/strong>&#8221; na mensagem sobre permitir fornecedor desconhecido:<\/li>\n<\/ul>\n\n\n\n<figure class=\"wp-block-image size-full\"><img loading=\"lazy\" decoding=\"async\" width=\"456\" height=\"346\" src=\"https:\/\/mutreta.top\/wiki\/wp-content\/uploads\/2026\/04\/guia-instalacao-fornecedor-desconhecido.png\" alt=\"\" class=\"wp-image-1014\" srcset=\"https:\/\/mutreta.top\/wiki\/wp-content\/uploads\/2026\/04\/guia-instalacao-fornecedor-desconhecido.png 456w, https:\/\/mutreta.top\/wiki\/wp-content\/uploads\/2026\/04\/guia-instalacao-fornecedor-desconhecido-300x228.png 300w, https:\/\/mutreta.top\/wiki\/wp-content\/uploads\/2026\/04\/guia-instalacao-fornecedor-desconhecido-80x60.png 80w\" sizes=\"auto, (max-width: 456px) 100vw, 456px\" \/><\/figure>\n\n\n\n<ul class=\"wp-block-list\">\n<li class=\"has-medium-font-size\">Leia atentamente os &#8220;<strong>Termos de Servi\u00e7o<\/strong>&#8221; na janela de instala\u00e7\u00e3o.<\/li>\n<\/ul>\n\n\n\n<ul class=\"wp-block-list\">\n<li class=\"has-medium-font-size\">Caso concorde, pressione &#8220;<strong>Eu aceito o acordo<\/strong>&#8221; e, em seguida, clique em &#8220;<strong>Avan\u00e7ar<\/strong>&#8220;:<\/li>\n<\/ul>\n\n\n\n<figure class=\"wp-block-image size-full\"><img loading=\"lazy\" decoding=\"async\" width=\"595\" height=\"462\" src=\"https:\/\/mutreta.top\/wiki\/wp-content\/uploads\/2026\/04\/image.png\" alt=\"\" class=\"wp-image-1012\" srcset=\"https:\/\/mutreta.top\/wiki\/wp-content\/uploads\/2026\/04\/image.png 595w, https:\/\/mutreta.top\/wiki\/wp-content\/uploads\/2026\/04\/image-300x233.png 300w\" sizes=\"auto, (max-width: 595px) 100vw, 595px\" \/><\/figure>\n\n\n\n<ul class=\"wp-block-list\">\n<li class=\"has-medium-font-size\">Em seguida, <strong>escolha um local para instalar<\/strong> o jogo. <strong>Pode usar o local sugerido<\/strong> se preferir:<\/li>\n<\/ul>\n\n\n\n<figure class=\"wp-block-image size-full\"><img loading=\"lazy\" decoding=\"async\" width=\"592\" height=\"457\" src=\"https:\/\/mutreta.top\/wiki\/wp-content\/uploads\/2026\/04\/guia-instalacao-escolher-pasta-2.png\" alt=\"\" class=\"wp-image-1026\" srcset=\"https:\/\/mutreta.top\/wiki\/wp-content\/uploads\/2026\/04\/guia-instalacao-escolher-pasta-2.png 592w, https:\/\/mutreta.top\/wiki\/wp-content\/uploads\/2026\/04\/guia-instalacao-escolher-pasta-2-300x232.png 300w\" sizes=\"auto, (max-width: 592px) 100vw, 592px\" \/><\/figure>\n\n\n\n<ul class=\"wp-block-list\">\n<li class=\"has-medium-font-size\">Marque a op\u00e7\u00e3o de &#8220;<strong>Criar um atalho na \u00e1rea de trabalho<\/strong>&#8221; e clique em &#8220;<strong>Avan\u00e7ar<\/strong>&#8220;:<\/li>\n<\/ul>\n\n\n\n<figure class=\"wp-block-image size-full\"><img loading=\"lazy\" decoding=\"async\" width=\"591\" height=\"458\" src=\"https:\/\/mutreta.top\/wiki\/wp-content\/uploads\/2026\/03\/image-7.png\" alt=\"\" class=\"wp-image-554\" srcset=\"https:\/\/mutreta.top\/wiki\/wp-content\/uploads\/2026\/03\/image-7.png 591w, https:\/\/mutreta.top\/wiki\/wp-content\/uploads\/2026\/03\/image-7-300x232.png 300w\" sizes=\"auto, (max-width: 591px) 100vw, 591px\" \/><\/figure>\n\n\n\n<ul class=\"wp-block-list\">\n<li class=\"has-medium-font-size\">Na tela seguinte, pressione &#8220;<strong>Instalar<\/strong>&#8221; para realizar a instala\u00e7\u00e3o:<\/li>\n<\/ul>\n\n\n\n<figure class=\"wp-block-image size-full\"><img loading=\"lazy\" decoding=\"async\" width=\"593\" height=\"460\" src=\"https:\/\/mutreta.top\/wiki\/wp-content\/uploads\/2026\/03\/image-8.png\" alt=\"\" class=\"wp-image-556\" srcset=\"https:\/\/mutreta.top\/wiki\/wp-content\/uploads\/2026\/03\/image-8.png 593w, https:\/\/mutreta.top\/wiki\/wp-content\/uploads\/2026\/03\/image-8-300x233.png 300w\" sizes=\"auto, (max-width: 593px) 100vw, 593px\" \/><\/figure>\n\n\n\n<ul class=\"wp-block-list\">\n<li class=\"has-medium-font-size\"><strong>Aguarde at\u00e9 o t\u00e9rmino<\/strong> da instala\u00e7\u00e3o (pode levar v\u00e1rios minutos):<\/li>\n<\/ul>\n\n\n\n<figure class=\"wp-block-image size-full\"><img loading=\"lazy\" decoding=\"async\" width=\"593\" height=\"460\" src=\"https:\/\/mutreta.top\/wiki\/wp-content\/uploads\/2026\/03\/image-10.png\" alt=\"\" class=\"wp-image-559\" srcset=\"https:\/\/mutreta.top\/wiki\/wp-content\/uploads\/2026\/03\/image-10.png 593w, https:\/\/mutreta.top\/wiki\/wp-content\/uploads\/2026\/03\/image-10-300x233.png 300w\" sizes=\"auto, (max-width: 593px) 100vw, 593px\" \/><\/figure>\n\n\n\n<ul class=\"wp-block-list\">\n<li class=\"has-medium-font-size\">Feito isso, clique em &#8220;<strong>Concluir<\/strong>&#8221; e siga os pr\u00f3ximos passos:<\/li>\n<\/ul>\n\n\n\n<figure class=\"wp-block-image size-full\"><img loading=\"lazy\" decoding=\"async\" width=\"593\" height=\"458\" src=\"https:\/\/mutreta.top\/wiki\/wp-content\/uploads\/2026\/04\/guia-instalacao-desmarcar-1.png\" alt=\"\" class=\"wp-image-1010\" srcset=\"https:\/\/mutreta.top\/wiki\/wp-content\/uploads\/2026\/04\/guia-instalacao-desmarcar-1.png 593w, https:\/\/mutreta.top\/wiki\/wp-content\/uploads\/2026\/04\/guia-instalacao-desmarcar-1-300x232.png 300w\" sizes=\"auto, (max-width: 593px) 100vw, 593px\" \/><\/figure>\n\n\n\n<ul class=\"wp-block-list\">\n<li class=\"has-medium-font-size\"><strong><span style=\"text-decoration: underline;\">Antes de iniciar o jogo<\/span><\/strong>, v\u00e1 at\u00e9 a pasta onde voc\u00ea escolheu instalar o MuTreta e d\u00ea um duplo-clique no arquivo &#8220;<strong><mark style=\"background-color:rgba(0, 0, 0, 0)\" class=\"has-inline-color has-luminous-vivid-amber-color\">ARIALUNI.TTF<\/mark><\/strong>&#8221; e instale esse arquivo de textos para conseguir jogar:<\/li>\n<\/ul>\n\n\n\n<figure class=\"wp-block-image size-full\"><img loading=\"lazy\" decoding=\"async\" width=\"619\" height=\"199\" src=\"https:\/\/mutreta.top\/wiki\/wp-content\/uploads\/2026\/03\/image-14.png\" alt=\"\" class=\"wp-image-606\" srcset=\"https:\/\/mutreta.top\/wiki\/wp-content\/uploads\/2026\/03\/image-14.png 619w, https:\/\/mutreta.top\/wiki\/wp-content\/uploads\/2026\/03\/image-14-300x96.png 300w\" sizes=\"auto, (max-width: 619px) 100vw, 619px\" \/><\/figure>\n\n\n\n<ul class=\"wp-block-list\">\n<li class=\"has-medium-font-size\">Em seguida, abra o <strong>MuTreta Launcher<\/strong> (sempre execute como &#8220;<strong><mark style=\"background-color:rgba(0, 0, 0, 0)\" class=\"has-inline-color has-vivid-red-color\">Administrador<\/mark><\/strong>)&#8221;:<\/li>\n<\/ul>\n\n\n\n<figure class=\"wp-block-image size-full\"><img loading=\"lazy\" decoding=\"async\" width=\"985\" height=\"556\" src=\"https:\/\/mutreta.top\/wiki\/wp-content\/uploads\/2026\/03\/image-12.png\" alt=\"\" class=\"wp-image-563\" srcset=\"https:\/\/mutreta.top\/wiki\/wp-content\/uploads\/2026\/03\/image-12.png 985w, https:\/\/mutreta.top\/wiki\/wp-content\/uploads\/2026\/03\/image-12-300x169.png 300w, https:\/\/mutreta.top\/wiki\/wp-content\/uploads\/2026\/03\/image-12-768x434.png 768w\" sizes=\"auto, (max-width: 985px) 100vw, 985px\" \/><\/figure>\n\n\n\n<ul class=\"wp-block-list\">\n<li class=\"has-medium-font-size\">Agora clique em &#8220;<strong>GAME START<\/strong>&#8221; para atualizar e jogar!<\/li>\n\n\n\n<li class=\"has-medium-font-size\">Para acessar o jogo, <strong>crie sua conta gratuita<\/strong> em nossa p\u00e1gina oficial: <a href=\"https:\/\/mutreta.top\/register\">https:\/\/mutreta.top\/register<\/a><\/li>\n<\/ul>\n\n\n\n<ul class=\"wp-block-list\">\n<li class=\"has-medium-font-size\">Divirta-se!<\/li>\n<\/ul>\n\n\n\n<p><\/p>\n","protected":false},"excerpt":{"rendered":"<div class=\"mh-excerpt\"><p>Boas vindas ao MuTreta! Para come\u00e7ar a jogar, \u00e9 bastante simples. Siga os passos a seguir:<\/p>\n<\/div>","protected":false},"author":1,"featured_media":0,"parent":0,"menu_order":0,"comment_status":"closed","ping_status":"closed","template":"","meta":{"footnotes":""},"class_list":["post-538","page","type-page","status-publish","hentry"],"_links":{"self":[{"href":"https:\/\/mutreta.top\/wiki\/wp-json\/wp\/v2\/pages\/538","targetHints":{"allow":["GET"]}}],"collection":[{"href":"https:\/\/mutreta.top\/wiki\/wp-json\/wp\/v2\/pages"}],"about":[{"href":"https:\/\/mutreta.top\/wiki\/wp-json\/wp\/v2\/types\/page"}],"author":[{"embeddable":true,"href":"https:\/\/mutreta.top\/wiki\/wp-json\/wp\/v2\/users\/1"}],"replies":[{"embeddable":true,"href":"https:\/\/mutreta.top\/wiki\/wp-json\/wp\/v2\/comments?post=538"}],"version-history":[{"count":27,"href":"https:\/\/mutreta.top\/wiki\/wp-json\/wp\/v2\/pages\/538\/revisions"}],"predecessor-version":[{"id":1027,"href":"https:\/\/mutreta.top\/wiki\/wp-json\/wp\/v2\/pages\/538\/revisions\/1027"}],"wp:attachment":[{"href":"https:\/\/mutreta.top\/wiki\/wp-json\/wp\/v2\/media?parent=538"}],"curies":[{"name":"wp","href":"https:\/\/api.w.org\/{rel}","templated":true}]}}