{"id":588,"date":"2026-03-07T19:56:10","date_gmt":"2026-03-07T22:56:10","guid":{"rendered":"https:\/\/mutreta.top\/wiki\/?page_id=588"},"modified":"2026-03-24T13:19:57","modified_gmt":"2026-03-24T16:19:57","slug":"evolucao-de-classe","status":"publish","type":"page","link":"https:\/\/mutreta.top\/wiki\/evolucao-de-classe\/","title":{"rendered":"Evolu\u00e7\u00e3o de Classe"},"content":{"rendered":"\n<hr class=\"wp-block-separator has-alpha-channel-opacity\"\/>\n\n\n\n<p><\/p>\n\n\n\n<h3 class=\"wp-block-heading\">\u2694\ufe0f 2\u00aa Classe: O Rito de Passagem<\/h3>\n\n\n\n<p>A segunda evolu\u00e7\u00e3o \u00e9 um marco significativo, geralmente dispon\u00edvel a partir do&nbsp;<strong>n\u00edvel 150<\/strong>, mas com uma miss\u00e3o cr\u00edtica que s\u00f3 pode ser conclu\u00edda por volta do&nbsp;<strong>n\u00edvel 220<\/strong>.<\/p>\n\n\n\n<ul class=\"wp-block-list\">\n<li><strong>Requisitos Iniciais (n\u00edvel 150+)<\/strong>: Na primeira etapa da miss\u00e3o, voc\u00ea precisar\u00e1 falar com a NPC Sebina The Priest localizada em <strong>Devias (184, 31)<\/strong> onde a mesma pedir\u00e1 que busque pelo item &#8220;<strong>Scroll of Emperor<\/strong>&#8220;. Voc\u00ea pode encontr\u00e1-lo em monstros das masmorras, tais como <strong>Dungeon<\/strong> ou <strong>Lost Tower<\/strong>. Na segunda etapa da miss\u00e3o, ela pedir\u00e1 que encontre o item <strong>&#8220;Broken Sword&#8221;<\/strong>, geralmente encontrado nos monstros de <strong>Lost Tower<\/strong> ou <strong>Tarkan<\/strong>.<\/li>\n\n\n\n<li><strong>A Miss\u00e3o de Marlon (n\u00edvel 220+)<\/strong>: O passo mais importante desta evolu\u00e7\u00e3o \u00e9 a &#8220;<strong>Hero Status Quest<\/strong>&#8220;, oferecida pelo NPC&nbsp;<strong>Marlon<\/strong>. Voc\u00ea pode encontr\u00e1-lo em cidades como&nbsp;<strong>Devias (197, 48)<\/strong>,&nbsp;<strong>Noria (169, 88)<\/strong>&nbsp;ou&nbsp;<strong>Lorencia (137, 87)<\/strong><a href=\"https:\/\/insidemu.gitbook.io\/inicio\/otras-guias\/evolucion\/2er-quest-de-evolucion\" target=\"_blank\" rel=\"noreferrer noopener\"><\/a>.\n<ul class=\"wp-block-list\">\n<li>Para completar esta etapa, voc\u00ea precisar\u00e1 de&nbsp;<strong>3 milh\u00f5es de Zen<\/strong>&nbsp;e dever\u00e1 encontrar o item &#8220;<strong>Ring of Honor<\/strong>&#8220;. Este anel \u00e9 droppado por monstros em \u00e1reas de alto n\u00edvel para a faixa dos 200, como Tarkan, Kanturu, Icarus, Aida e Crywolf.<\/li>\n\n\n\n<li><strong>Recompensa<\/strong>: Ao entregar o anel a Marlon, voc\u00ea receber\u00e1 pontos de atributo adicionais baseados no seu n\u00edvel atual (acima de 220) e completar\u00e1 sua evolu\u00e7\u00e3o para a 2\u00aa classe.<\/li>\n<\/ul>\n<\/li>\n\n\n\n<li><strong>Habilidade de Combo (Apenas Blade Knight)<\/strong>: Guerreiros que se tornaram Blade Knights podem voltar a Marlon para uma miss\u00e3o extra. Pagando&nbsp;<strong>2 milh\u00f5es de Zen<\/strong>&nbsp;e encontrando a &#8220;<strong>Dark Stone<\/strong>&#8221; (droppada nos mesmos locais que o anel), voc\u00ea aprender\u00e1 a poderosa&nbsp;<strong>habilidade de Combo<\/strong>, essencial para o PvP e PvE avan\u00e7ado.<\/li>\n<\/ul>\n\n\n\n<h3 class=\"wp-block-heading\">\ud83c\udf2a\ufe0f 3\u00aa Classe: O Despertar do Mestre<\/h3>\n\n\n\n<p>Ao atingir o&nbsp;<strong>n\u00edvel 400<\/strong>, o caminho para se tornar um &#8220;Master&#8221; (Blade Master, Grand Master, etc.) se abre. Esta \u00e9 uma das evolu\u00e7\u00f5es mais desafiadoras e gratificantes, composta por tr\u00eas etapas que iniciam com o NPC&nbsp;<strong>Apostle Devin<\/strong>, localizado em&nbsp;<strong>Crywolf (228, 48)<\/strong>.<\/p>\n\n\n\n<ul class=\"wp-block-list\">\n<li><strong>Etapa 1: Certificado de For\u00e7a<\/strong>\n<ul class=\"wp-block-list\">\n<li><strong>Requisitos<\/strong>: N\u00edvel 380+ e 5 milh\u00f5es de Zen.<\/li>\n\n\n\n<li><strong>Objetivo<\/strong>: Reunir tr\u00eas itens raros:&nbsp;<strong>Flame of Death Beam Knight<\/strong>&nbsp;(Tarkan 2),&nbsp;<strong>Horn of Hell Maine<\/strong>&nbsp;(Aida 2) e uma&nbsp;<strong>Feather of Phoenix of Darkness<\/strong>&nbsp;(Icarus).<\/li>\n\n\n\n<li><strong>Recompensa<\/strong>: 20 pontos de atributo.<\/li>\n<\/ul>\n<\/li>\n\n\n\n<li><strong>Etapa 2: Infiltra\u00e7\u00e3o nos Barracks de Balgass<\/strong>\n<ul class=\"wp-block-list\">\n<li><strong>Requisitos<\/strong>: N\u00edvel 400, ter completado a Etapa 1 e ter 7 milh\u00f5es de Zen.<\/li>\n\n\n\n<li><strong>Objetivo<\/strong>: Entrar no&nbsp;<strong>Barracks of Balgass<\/strong>&nbsp;(pelo NPC Werewolf Quarrel em Crywolf) e derrotar 20 Balram, 20 Death Spirit e 20 Soram. O progresso \u00e9 compartilhado em party.<\/li>\n\n\n\n<li><strong>Recompensa<\/strong>: 20 pontos de atributo.<\/li>\n<\/ul>\n<\/li>\n\n\n\n<li><strong>Etapa 3: O Encontro com a Dark Elf<\/strong>\n<ul class=\"wp-block-list\">\n<li><strong>Requisitos<\/strong>: N\u00edvel 400, ter completado a Etapa 2 e ter 10 milh\u00f5es de Zen.<\/li>\n\n\n\n<li><strong>Objetivo<\/strong>: Acessar o&nbsp;<strong>Refuge of Balgass<\/strong>&nbsp;(pelo mesmo portal) e derrotar a chefe&nbsp;<strong>Dark Elf<\/strong>, uma general elfa de armadura prateada reluzente.<\/li>\n\n\n\n<li><strong>Recompensa<\/strong>:&nbsp;<strong>30 pontos de atributos <\/strong>para distribuir como quiser&nbsp;e a conclus\u00e3o da sua evolu\u00e7\u00e3o para a 3\u00aa classe, liberando o acesso \u00e0 \u00e1rvore de habilidades Master.<\/li>\n<\/ul>\n<\/li>\n<\/ul>\n\n\n\n<h3 class=\"wp-block-heading\">\ud83d\udd25 4\u00aa Classe: A Ascens\u00e3o<\/h3>\n\n\n\n<p>A informa\u00e7\u00e3o sobre a quarta evolu\u00e7\u00e3o \u00e9 mais escassa nas buscas, mas ela representa a transi\u00e7\u00e3o para um novo patamar de poder por volta do&nbsp;<strong>n\u00edvel 800<\/strong>. As fontes confirmam os nomes das classes para esta fase&nbsp;<a href=\"https:\/\/en.namu.wiki\/w\/%EB%AE%A4%20%EC%98%A8%EB%9D%BC%EC%9D%B8\/%ED%81%B4%EB%9E%98%EC%8A%A4#s-9\" target=\"_blank\" rel=\"noreferrer noopener\"><\/a>:<\/p>\n\n\n\n<ul class=\"wp-block-list\">\n<li><strong>Blade Master<\/strong>&nbsp;se torna&nbsp;<strong>Dragon Knight<\/strong>.<\/li>\n\n\n\n<li><strong>Grand Master<\/strong>&nbsp;se torna&nbsp;<strong>Soul Wizard<\/strong>.<\/li>\n\n\n\n<li><strong>High Elf<\/strong>&nbsp;se torna&nbsp;<strong>Noble Elf<\/strong>.<\/li>\n\n\n\n<li><strong>Dimension Master<\/strong>&nbsp;se torna&nbsp;<strong>Dimension Summoner<\/strong>.<\/li>\n\n\n\n<li>E assim sucessivamente&#8230;<\/li>\n<\/ul>\n\n\n\n<p>Para evoluir para a 4\u00aa classe, voc\u00ea precisar\u00e1 se encontrar com a NPC <strong>Cent<\/strong>, localizada em <strong>Lorencia (131, 146)<\/strong>. Siga todas as orienta\u00e7\u00f5es dela e ven\u00e7a todos os desafios propostos para evoluir de classe. Falhar durante o processo faz com que a miss\u00e3o recomece e voc\u00ea precise refazer novamente. Boa sorte!<\/p>\n\n\n\n<h3 class=\"wp-block-heading\">\u2728 5\u00aa Classe: O Poder Supremo<\/h3>\n\n\n\n<p>A mais recente e poderosa evolu\u00e7\u00e3o, introduzida na&nbsp;<strong>Season 19<\/strong>, \u00e9 destinada aos guerreiros que alcan\u00e7am o&nbsp;<strong>n\u00edvel 1200<\/strong>. A miss\u00e3o \u00e9 iniciada com o NPC&nbsp;<strong>Eunice<\/strong>, localizado em&nbsp;<strong>Devias (193, 12)<\/strong>.<\/p>\n\n\n\n<ul class=\"wp-block-list\">\n<li><strong>Prepara\u00e7\u00e3o<\/strong>: Fale com Eunice para entrar no&nbsp;<strong>Realm of Privilege<\/strong>, uma \u00e1rea segura para formar party e se preparar. Quando estiver pronto, entre no&nbsp;<strong>Realm of Trials<\/strong>&nbsp;para enfrentar os desafios&nbsp;<a href=\"https:\/\/muonline.webzen.com\/th\/gameinfo\/guide\/detail\/338\" target=\"_blank\" rel=\"noreferrer noopener\"><\/a><a href=\"https:\/\/guiamuonline.com\/quinta-quest-de-evolucion\" target=\"_blank\" rel=\"noreferrer noopener\"><\/a>.<\/li>\n\n\n\n<li><strong>As Tr\u00eas Prova\u00e7\u00f5es<\/strong>: A evolu\u00e7\u00e3o consiste em tr\u00eas miss\u00f5es sequenciais. Em cada uma, voc\u00ea receber\u00e1 um&nbsp;<strong>buff de &#8220;Extra Damage&#8221;<\/strong>&nbsp;diferente (Nuke, Bolt e Wide) e dever\u00e1 derrotar Eunice (que surge com monstros Burning Kethotum) em menos de&nbsp;<strong>1 minuto<\/strong><a href=\"https:\/\/muonline.webzen.com\/th\/gameinfo\/guide\/detail\/338\" target=\"_blank\" rel=\"noreferrer noopener\"><\/a><a href=\"https:\/\/guiamuonline.com\/quinta-quest-de-evolucion\" target=\"_blank\" rel=\"noreferrer noopener\"><\/a>.\n<ul class=\"wp-block-list\">\n<li><strong>1\u00aa Miss\u00e3o<\/strong>: Recebe o poder &#8220;<strong>Nuke<\/strong>&#8221; (dano focado em um alvo) e libera a 2\u00aa miss\u00e3o.<\/li>\n\n\n\n<li><strong>2\u00aa Miss\u00e3o<\/strong>: Recebe o poder &#8220;<strong>Bolt<\/strong>&#8221; (dano em alcance) e libera a 3\u00aa miss\u00e3o.<\/li>\n\n\n\n<li><strong>3\u00aa Miss\u00e3o<\/strong>: Recebe o poder &#8220;<strong>Wide<\/strong>&#8221; (dano em \u00e1rea &#8211; AoE) e completa a evolu\u00e7\u00e3o.<\/li>\n<\/ul>\n<\/li>\n\n\n\n<li><strong>Recompensas da 5\u00aa Evolu\u00e7\u00e3o<\/strong>: Ao completar a terceira miss\u00e3o, voc\u00ea ser\u00e1 recompensado com&nbsp;<a href=\"https:\/\/muonline.webzen.com\/th\/gameinfo\/guide\/detail\/338\" target=\"_blank\" rel=\"noreferrer noopener\"><\/a><a href=\"https:\/\/guiamuonline.com\/quinta-quest-de-evolucion\" target=\"_blank\" rel=\"noreferrer noopener\"><\/a><a href=\"https:\/\/www.gamespress.com\/zh-TW\/MU-Online-adds-5th-Level-Wings-and-5th-Class-Advancement-in-the-last-i\" target=\"_blank\" rel=\"noreferrer noopener\"><\/a>:\n<ul class=\"wp-block-list\">\n<li><strong>Evolu\u00e7\u00e3o do personagem<\/strong>&nbsp;para a 5\u00aa classe (Ignition Knight, Royal Elf, etc.).<\/li>\n\n\n\n<li><strong>200 pontos de atributo<\/strong>.<\/li>\n\n\n\n<li><strong>Abertura da 5\u00aa \u00c1rvore de Habilidades (5th Tree)<\/strong>.<\/li>\n\n\n\n<li><strong>3 Cartas de Habilidade (Extra Ability Cards)<\/strong>&nbsp;dos tipos Nuke, Bolt e Wide. Voc\u00ea pode equipar uma delas para usar o poderoso &#8220;Extra Damage&#8221; em seus golpes.<\/li>\n<\/ul>\n<\/li>\n\n\n\n<li><strong>Miss\u00e3o B\u00f4nus: A Montaria Gigante<\/strong>: Ap\u00f3s sua evolu\u00e7\u00e3o, Eunice oferece uma miss\u00e3o para obter uma&nbsp;<strong>Giant Mount<\/strong>, uma montaria rob\u00f3tica que aumenta a velocidade de movimento. Para isso, voc\u00ea precisar\u00e1 entregar&nbsp;<strong>300 Jewels of Creation<\/strong>&nbsp;e, em seguida, derrotar Eunice montada em sua pr\u00f3pria Giant em menos de 1 minuto. Boa sorte!<\/li>\n<\/ul>\n","protected":false},"excerpt":{"rendered":"<div class=\"mh-excerpt\"><p>\u2694\ufe0f 2\u00aa Classe: O Rito de Passagem A segunda evolu\u00e7\u00e3o \u00e9 um marco significativo, geralmente dispon\u00edvel a partir do&nbsp;n\u00edvel 150, mas com uma miss\u00e3o cr\u00edtica <a class=\"mh-excerpt-more\" href=\"https:\/\/mutreta.top\/wiki\/evolucao-de-classe\/\" title=\"Evolu\u00e7\u00e3o de Classe\">[&#8230;]<\/a><\/p>\n<\/div>","protected":false},"author":1,"featured_media":0,"parent":0,"menu_order":0,"comment_status":"closed","ping_status":"closed","template":"","meta":{"footnotes":""},"class_list":["post-588","page","type-page","status-publish","hentry"],"_links":{"self":[{"href":"https:\/\/mutreta.top\/wiki\/wp-json\/wp\/v2\/pages\/588","targetHints":{"allow":["GET"]}}],"collection":[{"href":"https:\/\/mutreta.top\/wiki\/wp-json\/wp\/v2\/pages"}],"about":[{"href":"https:\/\/mutreta.top\/wiki\/wp-json\/wp\/v2\/types\/page"}],"author":[{"embeddable":true,"href":"https:\/\/mutreta.top\/wiki\/wp-json\/wp\/v2\/users\/1"}],"replies":[{"embeddable":true,"href":"https:\/\/mutreta.top\/wiki\/wp-json\/wp\/v2\/comments?post=588"}],"version-history":[{"count":14,"href":"https:\/\/mutreta.top\/wiki\/wp-json\/wp\/v2\/pages\/588\/revisions"}],"predecessor-version":[{"id":913,"href":"https:\/\/mutreta.top\/wiki\/wp-json\/wp\/v2\/pages\/588\/revisions\/913"}],"wp:attachment":[{"href":"https:\/\/mutreta.top\/wiki\/wp-json\/wp\/v2\/media?parent=588"}],"curies":[{"name":"wp","href":"https:\/\/api.w.org\/{rel}","templated":true}]}}