{"id":613,"date":"2026-03-09T10:12:36","date_gmt":"2026-03-09T13:12:36","guid":{"rendered":"https:\/\/mutreta.top\/wiki\/?page_id=613"},"modified":"2026-03-24T13:35:48","modified_gmt":"2026-03-24T16:35:48","slug":"adicionar-elemento-em-asa-capa-nivel-4","status":"publish","type":"page","link":"https:\/\/mutreta.top\/wiki\/adicionar-elemento-em-asa-capa-nivel-4\/","title":{"rendered":"Adicionar Elemento em Asa\/Capa n\u00edvel 4"},"content":{"rendered":"\n<hr class=\"wp-block-separator has-alpha-channel-opacity\"\/>\n\n\n\n<p><\/p>\n\n\n\n<h2 class=\"wp-block-heading\">\ud83c\udf2a\ufe0f Como adicionar um elemento na Asa\/Capa n\u00edvel 4?<\/h2>\n\n\n\n<p>Para adicionar elemento a uma asa\/capa de n\u00edvel 4, v\u00e1 ao NPC <strong>Adniel<\/strong>, localizado em&nbsp;<strong>Akeron (37, 215)<\/strong>&nbsp;ou <strong>Elbeland (38, 215)<\/strong>, e forne\u00e7a:<\/p>\n\n\n\n<ul class=\"wp-block-list\">\n<li><strong>1<\/strong> Asa\/Capa n\u00edvel 4<\/li>\n\n\n\n<li><strong>1<\/strong> Errtel Rank 1 com aprimoramento entre +4 e +10<\/li>\n\n\n\n<li><strong>9<\/strong> Golden Sentence<\/li>\n\n\n\n<li><strong>3<\/strong> Higher Magic Stone<\/li>\n<\/ul>\n\n\n\n<figure class=\"wp-block-image size-full\"><img loading=\"lazy\" decoding=\"async\" width=\"505\" height=\"511\" src=\"https:\/\/mutreta.top\/wiki\/wp-content\/uploads\/2026\/03\/adicionar-elemento-asa-1.png\" alt=\"\" class=\"wp-image-619\" srcset=\"https:\/\/mutreta.top\/wiki\/wp-content\/uploads\/2026\/03\/adicionar-elemento-asa-1.png 505w, https:\/\/mutreta.top\/wiki\/wp-content\/uploads\/2026\/03\/adicionar-elemento-asa-1-296x300.png 296w\" sizes=\"auto, (max-width: 505px) 100vw, 505px\" \/><\/figure>\n\n\n\n<p>A combina\u00e7\u00e3o ter\u00e1,&nbsp;no m\u00e1ximo, 90% de chance de \u00eaxito, sendo o n\u00edvel de aprimoramento do Errtel o favor decisivo na chance de sucesso em percentual. Quanto maior o n\u00edvel do Errtel, maior ser\u00e1&nbsp;a porcentagem de \u00eaxito.<\/p>\n\n\n\n<p><strong>Exemplo:<\/strong><\/p>\n\n\n\n<ul class=\"wp-block-list\">\n<li>Errtel Rank 1 com aprimoramento +4 = 15%<\/li>\n\n\n\n<li>Errtel Rank 1 com aprimoramento +10 = 90%<\/li>\n<\/ul>\n","protected":false},"excerpt":{"rendered":"<div class=\"mh-excerpt\"><p>\ud83c\udf2a\ufe0f Como adicionar um elemento na Asa\/Capa n\u00edvel 4? Para adicionar elemento a uma asa\/capa de n\u00edvel 4, v\u00e1 ao NPC Adniel, localizado em&nbsp;Akeron (37, <a class=\"mh-excerpt-more\" href=\"https:\/\/mutreta.top\/wiki\/adicionar-elemento-em-asa-capa-nivel-4\/\" title=\"Adicionar Elemento em Asa\/Capa n\u00edvel 4\">[&#8230;]<\/a><\/p>\n<\/div>","protected":false},"author":1,"featured_media":0,"parent":0,"menu_order":0,"comment_status":"closed","ping_status":"closed","template":"","meta":{"footnotes":""},"class_list":["post-613","page","type-page","status-publish","hentry"],"_links":{"self":[{"href":"https:\/\/mutreta.top\/wiki\/wp-json\/wp\/v2\/pages\/613","targetHints":{"allow":["GET"]}}],"collection":[{"href":"https:\/\/mutreta.top\/wiki\/wp-json\/wp\/v2\/pages"}],"about":[{"href":"https:\/\/mutreta.top\/wiki\/wp-json\/wp\/v2\/types\/page"}],"author":[{"embeddable":true,"href":"https:\/\/mutreta.top\/wiki\/wp-json\/wp\/v2\/users\/1"}],"replies":[{"embeddable":true,"href":"https:\/\/mutreta.top\/wiki\/wp-json\/wp\/v2\/comments?post=613"}],"version-history":[{"count":5,"href":"https:\/\/mutreta.top\/wiki\/wp-json\/wp\/v2\/pages\/613\/revisions"}],"predecessor-version":[{"id":923,"href":"https:\/\/mutreta.top\/wiki\/wp-json\/wp\/v2\/pages\/613\/revisions\/923"}],"wp:attachment":[{"href":"https:\/\/mutreta.top\/wiki\/wp-json\/wp\/v2\/media?parent=613"}],"curies":[{"name":"wp","href":"https:\/\/api.w.org\/{rel}","templated":true}]}}