{"id":622,"date":"2026-03-09T10:27:20","date_gmt":"2026-03-09T13:27:20","guid":{"rendered":"https:\/\/mutreta.top\/wiki\/?page_id=622"},"modified":"2026-03-24T13:34:47","modified_gmt":"2026-03-24T16:34:47","slug":"ancient-heros-soul","status":"publish","type":"page","link":"https:\/\/mutreta.top\/wiki\/ancient-heros-soul\/","title":{"rendered":"Ancient Hero&#8217;s Soul"},"content":{"rendered":"\n<hr class=\"wp-block-separator has-alpha-channel-opacity\"\/>\n\n\n\n<p><\/p>\n\n\n\n<h3 class=\"wp-block-heading\">\u2728 O que \u00e9 e para que serve o Ancient Hero&#8217;s Soul?<\/h3>\n\n\n\n<figure class=\"wp-block-image size-full\"><img loading=\"lazy\" decoding=\"async\" width=\"130\" height=\"135\" src=\"https:\/\/mutreta.top\/wiki\/wp-content\/uploads\/2026\/03\/image-15.png\" alt=\"\" class=\"wp-image-623\"\/><\/figure>\n\n\n\n<p>O Ancient Hero&#8217;s Soul (AHS) \u00e9 um artefato de remo\u00e7\u00e3o de selo de itens de Ruud, da categoria de sets Bloodangel. Geralmente armas e sets obtidos do NPC Priest James em <strong>Elbeland (33, 238)<\/strong> requerem esse artefato para serem equipados pelos personagens.<\/p>\n\n\n\n<p>Cada item do set consome um Ancient Hero&#8217;s Soul para ter seu selo removido, assim como cada arma. <\/p>\n\n\n\n<p>Normalmente, ele \u00e9 obtido combinando na M\u00e1quina do Caos um item Ancient +11 com +16 de Option, por\u00e9m no servidor MuTreta \u00e9 diferente.<\/p>\n\n\n\n<h3 class=\"wp-block-heading\">\ud83d\udcdd Como obter Ancient Hero&#8217;s Soul?<\/h3>\n\n\n\n<p>Para obter esse artefato no servidor MuTreta \u00e9 muito simples!<\/p>\n\n\n\n<p>Visite o <a href=\"https:\/\/mutreta.top\/wiki\/raul\/\" data-type=\"page\" data-id=\"384\">NPC Raul, o Joalheiro Maluco<\/a>, em <strong>Noria (189, 126)<\/strong> e troque por <strong>Goblin Points<\/strong>, obtidos de hora em hora simplesmente por jogar!<\/p>\n\n\n\n<h3 class=\"wp-block-heading\">\ud83d\udd0d \u00c9 poss\u00edvel obter Ancient Hero&#8217;s Soul de outra forma?<\/h3>\n\n\n\n<p>Normalmente, a maneira convencional de obt\u00ea-lo \u00e9 combinando na M\u00e1quina do Caos um item Ancient +11 com +16 de Option, por\u00e9m no servidor MuTreta \u00e9 diferente. Recomendamos que n\u00e3o realize dessa forma, pois existe um problema nas seasons mais novas do MU em que ao tentar combin\u00e1-lo na M\u00e1quina do Caos pode apresentar um bug durante a combina\u00e7\u00e3o para Ancient Hero&#8217;s Soul, n\u00e3o concluindo a combina\u00e7\u00e3o de forma alguma (o item n\u00e3o \u00e9 perdido no processo, mas n\u00e3o avan\u00e7a na combina\u00e7\u00e3o). Para evitar problemas e frustra\u00e7\u00f5es dos nossos jogadores, sugerimos obter apenas por meio do NPC Raul, o Joalheiro Maluco, em <strong>Noria (189, 126)<\/strong>, de forma f\u00e1cil e garantida.<\/p>\n","protected":false},"excerpt":{"rendered":"<div class=\"mh-excerpt\"><p>\u2728 O que \u00e9 e para que serve o Ancient Hero&#8217;s Soul? O Ancient Hero&#8217;s Soul (AHS) \u00e9 um artefato de remo\u00e7\u00e3o de selo de <a class=\"mh-excerpt-more\" href=\"https:\/\/mutreta.top\/wiki\/ancient-heros-soul\/\" title=\"Ancient Hero&#8217;s Soul\">[&#8230;]<\/a><\/p>\n<\/div>","protected":false},"author":1,"featured_media":0,"parent":0,"menu_order":0,"comment_status":"closed","ping_status":"closed","template":"","meta":{"footnotes":""},"class_list":["post-622","page","type-page","status-publish","hentry"],"_links":{"self":[{"href":"https:\/\/mutreta.top\/wiki\/wp-json\/wp\/v2\/pages\/622","targetHints":{"allow":["GET"]}}],"collection":[{"href":"https:\/\/mutreta.top\/wiki\/wp-json\/wp\/v2\/pages"}],"about":[{"href":"https:\/\/mutreta.top\/wiki\/wp-json\/wp\/v2\/types\/page"}],"author":[{"embeddable":true,"href":"https:\/\/mutreta.top\/wiki\/wp-json\/wp\/v2\/users\/1"}],"replies":[{"embeddable":true,"href":"https:\/\/mutreta.top\/wiki\/wp-json\/wp\/v2\/comments?post=622"}],"version-history":[{"count":12,"href":"https:\/\/mutreta.top\/wiki\/wp-json\/wp\/v2\/pages\/622\/revisions"}],"predecessor-version":[{"id":922,"href":"https:\/\/mutreta.top\/wiki\/wp-json\/wp\/v2\/pages\/622\/revisions\/922"}],"wp:attachment":[{"href":"https:\/\/mutreta.top\/wiki\/wp-json\/wp\/v2\/media?parent=622"}],"curies":[{"name":"wp","href":"https:\/\/api.w.org\/{rel}","templated":true}]}}