{"id":683,"date":"2026-03-09T15:09:35","date_gmt":"2026-03-09T18:09:35","guid":{"rendered":"https:\/\/mutreta.top\/wiki\/?page_id=683"},"modified":"2026-04-03T01:49:10","modified_gmt":"2026-04-03T04:49:10","slug":"solucao-de-problemas","status":"publish","type":"page","link":"https:\/\/mutreta.top\/wiki\/solucao-de-problemas\/","title":{"rendered":"Solu\u00e7\u00e3o de Problemas"},"content":{"rendered":"\n<hr class=\"wp-block-separator has-alpha-channel-opacity\"\/>\n\n\n\n<p><\/p>\n\n\n\n<p>Caso esteja enfrentando problemas para <strong>executar o instalador<\/strong> ou mesmo para <strong>iniciar o jogo<\/strong>, existem algumas poss\u00edveis solu\u00e7\u00f5es que podem ajudar.<\/p>\n\n\n\n<p>Dentre os poss\u00edveis problemas e suas respectivas solu\u00e7\u00f5es, est\u00e3o:<\/p>\n\n\n\n<p><\/p>\n\n\n\n<h3 class=\"wp-block-heading\">Ao clicar em &#8220;GAME START&#8221;, o Launcher n\u00e3o inicia o jogo:<\/h3>\n\n\n\n<ul class=\"wp-block-list\">\n<li>Certifique-se de ter aberto o <strong>MuTretaLauncher.exe<\/strong> obrigatoriamente como <strong>Administrador.<\/strong><\/li>\n<\/ul>\n\n\n\n<hr class=\"wp-block-separator has-alpha-channel-opacity\"\/>\n\n\n\n<h3 class=\"wp-block-heading\">Erro &#8211; &#8220;Este aplicativo n\u00e3o p\u00f4de ser iniciado&#8221;:<\/h3>\n\n\n\n<ul class=\"wp-block-list\">\n<li>\u00c9 recomend\u00e1vel jogar o MuTreta nos sistemas Windows 10 ou Windows 11 sempre atualizados.<\/li>\n\n\n\n<li>V\u00e1 \u00e0 \u00e1rea <strong><a href=\"https:\/\/mutreta.top\/downloads\/?page=downloads\" data-type=\"link\" data-id=\"https:\/\/mutreta.top\/downloads\/?page=downloads\">BAIXAR<\/a><\/strong> do site oficial e baixe os <strong><a href=\"http:\/\/mutreta.top\/downloads\/MuTreta-Instaladores-Essenciais.zip\" data-type=\"link\" data-id=\"http:\/\/mutreta.top\/downloads\/MuTreta-Instaladores-Essenciais.zip\">Instaladores Essenciais (.Net Framework e Visual C++)<\/a><\/strong>.<\/li>\n<\/ul>\n\n\n\n<figure class=\"wp-block-image size-full\"><img loading=\"lazy\" decoding=\"async\" width=\"979\" height=\"191\" src=\"https:\/\/mutreta.top\/wiki\/wp-content\/uploads\/2026\/03\/image-21.png\" alt=\"\" class=\"wp-image-694\" srcset=\"https:\/\/mutreta.top\/wiki\/wp-content\/uploads\/2026\/03\/image-21.png 979w, https:\/\/mutreta.top\/wiki\/wp-content\/uploads\/2026\/03\/image-21-300x59.png 300w, https:\/\/mutreta.top\/wiki\/wp-content\/uploads\/2026\/03\/image-21-768x150.png 768w\" sizes=\"auto, (max-width: 979px) 100vw, 979px\" \/><\/figure>\n\n\n\n<ul class=\"wp-block-list\">\n<li><strong>Assim que baixar<\/strong>, abra o arquivo e <strong>execute os instaladores na ordem num\u00e9rica<\/strong> conforme indicado.<\/li>\n<\/ul>\n\n\n\n<hr class=\"wp-block-separator has-alpha-channel-opacity\"\/>\n\n\n\n<h3 class=\"wp-block-heading\">Erro 4551 &#8211; &#8220;An application control policy has blocked this file (0x11c7)&#8221;:<\/h3>\n\n\n\n<ul class=\"wp-block-list\">\n<li>V\u00e1 ao &#8220;MENU INICIAR&#8221; -&gt; Seguran\u00e7a do Windows -&gt; Controle de aplicativos e do navegador;<\/li>\n\n\n\n<li><strong>Desative as op\u00e7\u00f5es a seguir<\/strong>:<\/li>\n<\/ul>\n\n\n\n<figure class=\"wp-block-image size-full\"><img loading=\"lazy\" decoding=\"async\" width=\"480\" height=\"263\" src=\"https:\/\/mutreta.top\/wiki\/wp-content\/uploads\/2026\/03\/image-25.png\" alt=\"\" class=\"wp-image-702\" srcset=\"https:\/\/mutreta.top\/wiki\/wp-content\/uploads\/2026\/03\/image-25.png 480w, https:\/\/mutreta.top\/wiki\/wp-content\/uploads\/2026\/03\/image-25-300x164.png 300w\" sizes=\"auto, (max-width: 480px) 100vw, 480px\" \/><\/figure>\n\n\n\n<figure class=\"wp-block-image size-full\"><img loading=\"lazy\" decoding=\"async\" width=\"403\" height=\"301\" src=\"https:\/\/mutreta.top\/wiki\/wp-content\/uploads\/2026\/03\/image-23.png\" alt=\"\" class=\"wp-image-699\" srcset=\"https:\/\/mutreta.top\/wiki\/wp-content\/uploads\/2026\/03\/image-23.png 403w, https:\/\/mutreta.top\/wiki\/wp-content\/uploads\/2026\/03\/image-23-300x224.png 300w, https:\/\/mutreta.top\/wiki\/wp-content\/uploads\/2026\/03\/image-23-80x60.png 80w\" sizes=\"auto, (max-width: 403px) 100vw, 403px\" \/><\/figure>\n\n\n\n<figure class=\"wp-block-image size-full\"><img loading=\"lazy\" decoding=\"async\" width=\"516\" height=\"410\" src=\"https:\/\/mutreta.top\/wiki\/wp-content\/uploads\/2026\/03\/image-24.png\" alt=\"\" class=\"wp-image-700\" srcset=\"https:\/\/mutreta.top\/wiki\/wp-content\/uploads\/2026\/03\/image-24.png 516w, https:\/\/mutreta.top\/wiki\/wp-content\/uploads\/2026\/03\/image-24-300x238.png 300w\" sizes=\"auto, (max-width: 516px) 100vw, 516px\" \/><\/figure>\n\n\n\n<hr class=\"wp-block-separator has-alpha-channel-opacity\"\/>\n\n\n\n<h3 class=\"wp-block-heading\">Tela do jogo muito pequena ou grande demais:<\/h3>\n\n\n\n<ul class=\"wp-block-list\">\n<li>V\u00e1 at\u00e9 a pasta onde voc\u00ea escolheu instalar o MuTreta e execute o programa de sele\u00e7\u00e3o de tamanho de tela:<\/li>\n<\/ul>\n\n\n\n<figure class=\"wp-block-image size-full\"><img loading=\"lazy\" decoding=\"async\" width=\"610\" height=\"140\" src=\"https:\/\/mutreta.top\/wiki\/wp-content\/uploads\/2026\/03\/image-17.png\" alt=\"\" class=\"wp-image-688\" srcset=\"https:\/\/mutreta.top\/wiki\/wp-content\/uploads\/2026\/03\/image-17.png 610w, https:\/\/mutreta.top\/wiki\/wp-content\/uploads\/2026\/03\/image-17-300x69.png 300w\" sizes=\"auto, (max-width: 610px) 100vw, 610px\" \/><\/figure>\n\n\n\n<ul class=\"wp-block-list\">\n<li><strong>Caso seu monitor seja FULL HD ou superior<\/strong>, use exatamente a configura\u00e7\u00e3o a seguir:<\/li>\n<\/ul>\n\n\n\n<figure class=\"wp-block-image size-full\"><img loading=\"lazy\" decoding=\"async\" width=\"368\" height=\"207\" src=\"https:\/\/mutreta.top\/wiki\/wp-content\/uploads\/2026\/03\/image-18.png\" alt=\"\" class=\"wp-image-689\" srcset=\"https:\/\/mutreta.top\/wiki\/wp-content\/uploads\/2026\/03\/image-18.png 368w, https:\/\/mutreta.top\/wiki\/wp-content\/uploads\/2026\/03\/image-18-300x169.png 300w\" sizes=\"auto, (max-width: 368px) 100vw, 368px\" \/><\/figure>\n\n\n\n<ul class=\"wp-block-list\">\n<li>Ao escolher as op\u00e7\u00f5es acima, clique em &#8220;<strong>Change<\/strong>&#8221; e j\u00e1 pode iniciar o jogo.<\/li>\n<\/ul>\n\n\n\n<p><\/p>\n\n\n\n<ul class=\"wp-block-list\">\n<li><strong>Caso seu monitor seja inferior a FULL HD<\/strong>, experimente a configura\u00e7\u00e3o a seguir ou alguma inferior:<\/li>\n<\/ul>\n\n\n\n<figure class=\"wp-block-image size-full\"><img loading=\"lazy\" decoding=\"async\" width=\"368\" height=\"207\" src=\"https:\/\/mutreta.top\/wiki\/wp-content\/uploads\/2026\/03\/image-19.png\" alt=\"\" class=\"wp-image-690\" srcset=\"https:\/\/mutreta.top\/wiki\/wp-content\/uploads\/2026\/03\/image-19.png 368w, https:\/\/mutreta.top\/wiki\/wp-content\/uploads\/2026\/03\/image-19-300x169.png 300w\" sizes=\"auto, (max-width: 368px) 100vw, 368px\" \/><\/figure>\n\n\n\n<ul class=\"wp-block-list\">\n<li>Ao escolher as op\u00e7\u00f5es acima, clique em &#8220;<strong>Change<\/strong>&#8221; e j\u00e1 pode iniciar o jogo.<\/li>\n<\/ul>\n\n\n\n<p><strong>ATEN\u00c7\u00c3O:<\/strong><\/p>\n\n\n\n<ul class=\"wp-block-list\">\n<li>O jogo precisa estar fechado para as altera\u00e7\u00f5es surtirem efeito.<\/li>\n\n\n\n<li><span style=\"text-decoration: underline;\">Sempre<\/span> use a op\u00e7\u00e3o <strong>Windows mode<\/strong> para evitar problemas.<\/li>\n\n\n\n<li>Caso queira jogar em tela cheia, <a href=\"https:\/\/mutreta.top\/wiki\/jogo-em-tela-cheia-borderless\/\" data-type=\"page\" data-id=\"457\">siga o guia sobre como jogar em tela cheia clicando aqui<\/a>.<\/li>\n<\/ul>\n","protected":false},"excerpt":{"rendered":"<div class=\"mh-excerpt\"><p>Caso esteja enfrentando problemas para executar o instalador ou mesmo para iniciar o jogo, existem algumas poss\u00edveis solu\u00e7\u00f5es que podem ajudar. Dentre os poss\u00edveis problemas <a class=\"mh-excerpt-more\" href=\"https:\/\/mutreta.top\/wiki\/solucao-de-problemas\/\" title=\"Solu\u00e7\u00e3o de Problemas\">[&#8230;]<\/a><\/p>\n<\/div>","protected":false},"author":1,"featured_media":0,"parent":0,"menu_order":0,"comment_status":"closed","ping_status":"closed","template":"","meta":{"footnotes":""},"class_list":["post-683","page","type-page","status-publish","hentry"],"_links":{"self":[{"href":"https:\/\/mutreta.top\/wiki\/wp-json\/wp\/v2\/pages\/683","targetHints":{"allow":["GET"]}}],"collection":[{"href":"https:\/\/mutreta.top\/wiki\/wp-json\/wp\/v2\/pages"}],"about":[{"href":"https:\/\/mutreta.top\/wiki\/wp-json\/wp\/v2\/types\/page"}],"author":[{"embeddable":true,"href":"https:\/\/mutreta.top\/wiki\/wp-json\/wp\/v2\/users\/1"}],"replies":[{"embeddable":true,"href":"https:\/\/mutreta.top\/wiki\/wp-json\/wp\/v2\/comments?post=683"}],"version-history":[{"count":22,"href":"https:\/\/mutreta.top\/wiki\/wp-json\/wp\/v2\/pages\/683\/revisions"}],"predecessor-version":[{"id":1004,"href":"https:\/\/mutreta.top\/wiki\/wp-json\/wp\/v2\/pages\/683\/revisions\/1004"}],"wp:attachment":[{"href":"https:\/\/mutreta.top\/wiki\/wp-json\/wp\/v2\/media?parent=683"}],"curies":[{"name":"wp","href":"https:\/\/api.w.org\/{rel}","templated":true}]}}