{"id":711,"date":"2026-03-09T17:12:19","date_gmt":"2026-03-09T20:12:19","guid":{"rendered":"https:\/\/mutreta.top\/wiki\/?page_id=711"},"modified":"2026-03-29T00:53:26","modified_gmt":"2026-03-29T03:53:26","slug":"teclas-de-atalho","status":"publish","type":"page","link":"https:\/\/mutreta.top\/wiki\/teclas-de-atalho\/","title":{"rendered":"Teclas de Atalho"},"content":{"rendered":"\n<hr class=\"wp-block-separator has-alpha-channel-opacity\"\/>\n\n\n\n<p><\/p>\n\n\n\n<figure class=\"wp-block-image size-large\"><img loading=\"lazy\" decoding=\"async\" width=\"1024\" height=\"380\" src=\"https:\/\/mutreta.top\/wiki\/wp-content\/uploads\/2026\/03\/HOTKEYS-1024x380.png\" alt=\"\" class=\"wp-image-712\" srcset=\"https:\/\/mutreta.top\/wiki\/wp-content\/uploads\/2026\/03\/HOTKEYS-1024x380.png 1024w, https:\/\/mutreta.top\/wiki\/wp-content\/uploads\/2026\/03\/HOTKEYS-300x111.png 300w, https:\/\/mutreta.top\/wiki\/wp-content\/uploads\/2026\/03\/HOTKEYS-768x285.png 768w, https:\/\/mutreta.top\/wiki\/wp-content\/uploads\/2026\/03\/HOTKEYS.png 1462w\" sizes=\"auto, (max-width: 1024px) 100vw, 1024px\" \/><\/figure>\n\n\n\n<h3 class=\"wp-block-heading has-medium-font-size\">Teclas B\u00e1sicas de Atalho<\/h3>\n\n\n\n<ul class=\"wp-block-list\">\n<li class=\"has-medium-font-size\"><strong>TAB<\/strong> &#8211; Mini-mapa<\/li>\n\n\n\n<li class=\"has-medium-font-size\"><strong>C<\/strong> &#8211; Distribuir pontos de atributos<\/li>\n\n\n\n<li class=\"has-medium-font-size\"><strong>U<\/strong> &#8211; Configura\u00e7\u00e3o de habilidades e seus atalhos<\/li>\n\n\n\n<li class=\"has-medium-font-size\"><strong>I, V<\/strong> &#8211; Invent\u00e1rio do personagem<\/li>\n\n\n\n<li class=\"has-medium-font-size\"><strong>K<\/strong> &#8211; Invent\u00e1rio de recompensas (de eventos e miss\u00f5es)<\/li>\n\n\n\n<li class=\"has-medium-font-size\"><strong>F<\/strong> &#8211; Lista de amigos<\/li>\n\n\n\n<li class=\"has-medium-font-size\"><strong>D<\/strong> &#8211; Menu de comandos b\u00e1sicos<\/li>\n\n\n\n<li class=\"has-medium-font-size\"><strong>M<\/strong> &#8211; Lista de teletransportes<\/li>\n\n\n\n<li class=\"has-medium-font-size\"><strong>Barra de espa\u00e7o<\/strong> &#8211; Coletar itens pr\u00f3ximos do ch\u00e3o<\/li>\n\n\n\n<li class=\"has-medium-font-size\"><strong>Z<\/strong> &#8211; Configura\u00e7\u00e3o do MU Helper (auto-farm)<\/li>\n\n\n\n<li class=\"has-medium-font-size\"><strong>Bot\u00e3o do meio do mouse<\/strong> &#8211; Iniciar \/ desligar o MU Helper (auto-farm)<\/li>\n\n\n\n<li class=\"has-medium-font-size\"><strong>Q<\/strong>,<strong> W<\/strong>,<strong> E<\/strong>, <strong>R<\/strong> &#8211; Atalhos configur\u00e1veis para consum\u00edveis<\/li>\n\n\n\n<li class=\"has-medium-font-size\"><strong>1, 2, 3, 4, 5, 6, 7, 8, 9, 0<\/strong> &#8211; Atalhos configur\u00e1veis para habilidades<\/li>\n<\/ul>\n\n\n\n<h3 class=\"wp-block-heading has-medium-font-size\">Teclas Avan\u00e7adas de Atalho (n\u00e3o mostradas na imagem)<\/h3>\n\n\n\n<ul class=\"wp-block-list\">\n<li class=\"has-medium-font-size\"><strong>CTRL + T<\/strong> &#8211; Painel de acesso aos eventos<\/li>\n\n\n\n<li class=\"has-medium-font-size\"><strong>CTRL + V<\/strong> &#8211; Invent\u00e1rio de itens de evento<\/li>\n<\/ul>\n","protected":false},"excerpt":{"rendered":"<div class=\"mh-excerpt\"><p>Teclas B\u00e1sicas de Atalho Teclas Avan\u00e7adas de Atalho (n\u00e3o mostradas na imagem)<\/p>\n<\/div>","protected":false},"author":1,"featured_media":0,"parent":0,"menu_order":0,"comment_status":"closed","ping_status":"closed","template":"","meta":{"footnotes":""},"class_list":["post-711","page","type-page","status-publish","hentry"],"_links":{"self":[{"href":"https:\/\/mutreta.top\/wiki\/wp-json\/wp\/v2\/pages\/711","targetHints":{"allow":["GET"]}}],"collection":[{"href":"https:\/\/mutreta.top\/wiki\/wp-json\/wp\/v2\/pages"}],"about":[{"href":"https:\/\/mutreta.top\/wiki\/wp-json\/wp\/v2\/types\/page"}],"author":[{"embeddable":true,"href":"https:\/\/mutreta.top\/wiki\/wp-json\/wp\/v2\/users\/1"}],"replies":[{"embeddable":true,"href":"https:\/\/mutreta.top\/wiki\/wp-json\/wp\/v2\/comments?post=711"}],"version-history":[{"count":4,"href":"https:\/\/mutreta.top\/wiki\/wp-json\/wp\/v2\/pages\/711\/revisions"}],"predecessor-version":[{"id":939,"href":"https:\/\/mutreta.top\/wiki\/wp-json\/wp\/v2\/pages\/711\/revisions\/939"}],"wp:attachment":[{"href":"https:\/\/mutreta.top\/wiki\/wp-json\/wp\/v2\/media?parent=711"}],"curies":[{"name":"wp","href":"https:\/\/api.w.org\/{rel}","templated":true}]}}