{"id":715,"date":"2026-03-09T17:45:13","date_gmt":"2026-03-09T20:45:13","guid":{"rendered":"https:\/\/mutreta.top\/wiki\/?page_id=715"},"modified":"2026-04-08T15:42:57","modified_gmt":"2026-04-08T18:42:57","slug":"como-usar-o-mu-helper-auto-farm","status":"publish","type":"page","link":"https:\/\/mutreta.top\/wiki\/como-usar-o-mu-helper-auto-farm\/","title":{"rendered":"Como usar o MU Helper (auto-farm)"},"content":{"rendered":"\n<hr class=\"wp-block-separator has-alpha-channel-opacity\"\/>\n\n\n\n<p><\/p>\n\n\n\n<p class=\"has-medium-font-size\">O MU Helper \u00e9 um sistema que permite ao jogador farmar\/grindar\/progredir enquanto est\u00e1 ausente do jogo de forma totalmente autom\u00e1tica, necessitando poucos cuidados para que se obtenha \u00eaxito no uso.<\/p>\n\n\n\n<p class=\"has-medium-font-size\">Para usar o MU Helper (auto-farm), \u00e9 necess\u00e1rio que seu personagem seja n\u00edvel 6.<\/p>\n\n\n\n<p class=\"has-medium-font-size\">O funcionamento \u00e9 bastante simples, mas requer algumas configura\u00e7\u00f5es.<\/p>\n\n\n\n<h3 class=\"wp-block-heading\">Recomenda\u00e7\u00f5es de configura\u00e7\u00e3o de farm\/grind para iniciantes<\/h3>\n\n\n\n<ul class=\"wp-block-list\">\n<li class=\"has-medium-font-size\"><strong>Caso seja jogador novato<\/strong>, na aba &#8220;<strong>Hunting<\/strong>&#8220;, marque as op\u00e7\u00f5es: <\/li>\n<\/ul>\n\n\n\n<figure class=\"wp-block-image size-full\"><img loading=\"lazy\" decoding=\"async\" width=\"342\" height=\"637\" src=\"https:\/\/mutreta.top\/wiki\/wp-content\/uploads\/2026\/03\/MU-Helper-hunting.png\" alt=\"\" class=\"wp-image-717\" srcset=\"https:\/\/mutreta.top\/wiki\/wp-content\/uploads\/2026\/03\/MU-Helper-hunting.png 342w, https:\/\/mutreta.top\/wiki\/wp-content\/uploads\/2026\/03\/MU-Helper-hunting-161x300.png 161w\" sizes=\"auto, (max-width: 342px) 100vw, 342px\" \/><\/figure>\n\n\n\n<ul class=\"wp-block-list\">\n<li class=\"has-medium-font-size\"><strong>Caso seja um jogador um pouco mais avan\u00e7ado<\/strong>, em &#8220;Potion&#8221;, clique na engrenagem para configurar com quanto de vida seu personagem dever\u00e1 usar po\u00e7\u00f5es para se curar e aplique a altera\u00e7\u00e3o. Em seguida, desmarque a op\u00e7\u00e3o &#8220;Regular Attack&#8221; e clique em &#8220;Basic Skill&#8221;, selecionando sua habilidade de ataque mais forte para este espa\u00e7o. Em seguida, em &#8220;Buff Duration&#8221;, clique em cada espa\u00e7o e coloque os principais buffs (skills de melhoramento) do personagem. Em &#8220;Buff Item&#8221;, clique em cada espa\u00e7o e coloque itens consum\u00edveis que aumentam EXP, Drop ou qualquer item de melhoria de personagem que voc\u00ea possuir.<\/li>\n<\/ul>\n\n\n\n<h3 class=\"wp-block-heading\">Recomenda\u00e7\u00f5es de configura\u00e7\u00e3o de coleta autom\u00e1tica<\/h3>\n\n\n\n<ul class=\"wp-block-list\">\n<li class=\"has-medium-font-size\"><strong>Caso seja um jogador novato<\/strong>, na aba &#8220;<strong>Obtaining<\/strong>&#8220;, marque as op\u00e7\u00f5es:<\/li>\n<\/ul>\n\n\n\n<figure class=\"wp-block-image size-full\"><img loading=\"lazy\" decoding=\"async\" width=\"342\" height=\"637\" src=\"https:\/\/mutreta.top\/wiki\/wp-content\/uploads\/2026\/03\/MU-Helper-obtaining.png\" alt=\"\" class=\"wp-image-718\" srcset=\"https:\/\/mutreta.top\/wiki\/wp-content\/uploads\/2026\/03\/MU-Helper-obtaining.png 342w, https:\/\/mutreta.top\/wiki\/wp-content\/uploads\/2026\/03\/MU-Helper-obtaining-161x300.png 161w\" sizes=\"auto, (max-width: 342px) 100vw, 342px\" \/><\/figure>\n\n\n\n<ul class=\"wp-block-list\">\n<li class=\"has-medium-font-size\"><strong>Caso seja um jogador um pouco mais avan\u00e7ado<\/strong>, marque a op\u00e7\u00e3o &#8220;<strong>Add Extra Item<\/strong>&#8220;, <strong>digite o nome de cada item<\/strong> (respeitando letras mai\u00fasculas, min\u00fasculas e espa\u00e7os) que deseja coletar no campo vazio e ent\u00e3o clique em &#8220;<strong>Add<\/strong>&#8220;.<\/li>\n<\/ul>\n\n\n\n<p class=\"has-medium-font-size\"><strong>ATEN\u00c7\u00c3O:<\/strong> os nomes dos itens ao clicar em &#8220;Add&#8221; devem ser <strong>ID\u00caNTICOS<\/strong> aos que caem ao ch\u00e3o.<\/p>\n\n\n\n<h3 class=\"wp-block-heading\">Lista de termos potencialmente interessantes a se coletar<\/h3>\n\n\n\n<ul class=\"wp-block-list\">\n<li class=\"has-medium-font-size\">Box<\/li>\n\n\n\n<li class=\"has-medium-font-size\">Medal<\/li>\n\n\n\n<li class=\"has-medium-font-size\">Heart of<\/li>\n\n\n\n<li class=\"has-medium-font-size\">Firecracker<\/li>\n\n\n\n<li class=\"has-medium-font-size\">Star of<\/li>\n\n\n\n<li class=\"has-medium-font-size\">Ruud<\/li>\n\n\n\n<li class=\"has-medium-font-size\">Bless of Light<\/li>\n\n\n\n<li class=\"has-medium-font-size\">Ability Crystal<\/li>\n<\/ul>\n\n\n\n<p><\/p>\n","protected":false},"excerpt":{"rendered":"<div class=\"mh-excerpt\"><p>O MU Helper \u00e9 um sistema que permite ao jogador farmar\/grindar\/progredir enquanto est\u00e1 ausente do jogo de forma totalmente autom\u00e1tica, necessitando poucos cuidados para que <a class=\"mh-excerpt-more\" href=\"https:\/\/mutreta.top\/wiki\/como-usar-o-mu-helper-auto-farm\/\" title=\"Como usar o MU Helper (auto-farm)\">[&#8230;]<\/a><\/p>\n<\/div>","protected":false},"author":1,"featured_media":0,"parent":0,"menu_order":0,"comment_status":"closed","ping_status":"closed","template":"","meta":{"footnotes":""},"class_list":["post-715","page","type-page","status-publish","hentry"],"_links":{"self":[{"href":"https:\/\/mutreta.top\/wiki\/wp-json\/wp\/v2\/pages\/715","targetHints":{"allow":["GET"]}}],"collection":[{"href":"https:\/\/mutreta.top\/wiki\/wp-json\/wp\/v2\/pages"}],"about":[{"href":"https:\/\/mutreta.top\/wiki\/wp-json\/wp\/v2\/types\/page"}],"author":[{"embeddable":true,"href":"https:\/\/mutreta.top\/wiki\/wp-json\/wp\/v2\/users\/1"}],"replies":[{"embeddable":true,"href":"https:\/\/mutreta.top\/wiki\/wp-json\/wp\/v2\/comments?post=715"}],"version-history":[{"count":10,"href":"https:\/\/mutreta.top\/wiki\/wp-json\/wp\/v2\/pages\/715\/revisions"}],"predecessor-version":[{"id":1036,"href":"https:\/\/mutreta.top\/wiki\/wp-json\/wp\/v2\/pages\/715\/revisions\/1036"}],"wp:attachment":[{"href":"https:\/\/mutreta.top\/wiki\/wp-json\/wp\/v2\/media?parent=715"}],"curies":[{"name":"wp","href":"https:\/\/api.w.org\/{rel}","templated":true}]}}