{"id":725,"date":"2026-03-10T12:58:38","date_gmt":"2026-03-10T15:58:38","guid":{"rendered":"https:\/\/mutreta.top\/wiki\/?page_id=725"},"modified":"2026-03-24T13:21:34","modified_gmt":"2026-03-24T16:21:34","slug":"como-criar-guilda","status":"publish","type":"page","link":"https:\/\/mutreta.top\/wiki\/como-criar-guilda\/","title":{"rendered":"Como Criar Guilda"},"content":{"rendered":"\n<hr class=\"wp-block-separator has-alpha-channel-opacity\"\/>\n\n\n\n<p><\/p>\n\n\n\n<p>Para formar uma guilda, \u00e9 bastante simples. Siga as instru\u00e7\u00f5es a seguir.<\/p>\n\n\n\n<h3 class=\"wp-block-heading\">\ud83d\udcdd Requisitos<\/h3>\n\n\n\n<ul class=\"wp-block-list\">\n<li>Fundador da guilda: n\u00edvel 100<\/li>\n\n\n\n<li>Membro da guilda: n\u00edvel 1<\/li>\n<\/ul>\n\n\n\n<h3 class=\"wp-block-heading\">\ud83d\uddfa\ufe0f Onde Criar<\/h3>\n\n\n\n<ul class=\"wp-block-list\">\n<li>O futuro l\u00edder da guilda dever\u00e1 conversar com o NPC Lorence, Capit\u00e3o da Guarda Real, em <strong>Devias (215, 44)<\/strong> e solicitar a cria\u00e7\u00e3o da guilda. No ato da cria\u00e7\u00e3o, ele pedir\u00e1 que voc\u00ea esteja primeiramente em um <a href=\"https:\/\/mutreta.top\/wiki\/como-participar-de-gens\/\" data-type=\"page\" data-id=\"731\">Gens<\/a> (fac\u00e7\u00e3o <strong>Vanert <\/strong>ou <strong>Duprian<\/strong>). Caso esteja, ser\u00e1 solicitada a escolha de um nome para a guilda e tamb\u00e9m que seja desenhado um bras\u00e3o que ser\u00e1 usado para identificar a guilda. Esse bras\u00e3o poder\u00e1 ser visto nos placares do site.<\/li>\n<\/ul>\n\n\n\n<figure class=\"wp-block-image size-full\"><img loading=\"lazy\" decoding=\"async\" width=\"686\" height=\"551\" src=\"https:\/\/mutreta.top\/wiki\/wp-content\/uploads\/2026\/03\/guild-1.png\" alt=\"\" class=\"wp-image-736\" srcset=\"https:\/\/mutreta.top\/wiki\/wp-content\/uploads\/2026\/03\/guild-1.png 686w, https:\/\/mutreta.top\/wiki\/wp-content\/uploads\/2026\/03\/guild-1-300x241.png 300w\" sizes=\"auto, (max-width: 686px) 100vw, 686px\" \/><\/figure>\n\n\n\n<p><\/p>\n","protected":false},"excerpt":{"rendered":"<div class=\"mh-excerpt\"><p>Para formar uma guilda, \u00e9 bastante simples. Siga as instru\u00e7\u00f5es a seguir. \ud83d\udcdd Requisitos \ud83d\uddfa\ufe0f Onde Criar<\/p>\n<\/div>","protected":false},"author":1,"featured_media":0,"parent":0,"menu_order":0,"comment_status":"closed","ping_status":"closed","template":"","meta":{"footnotes":""},"class_list":["post-725","page","type-page","status-publish","hentry"],"_links":{"self":[{"href":"https:\/\/mutreta.top\/wiki\/wp-json\/wp\/v2\/pages\/725","targetHints":{"allow":["GET"]}}],"collection":[{"href":"https:\/\/mutreta.top\/wiki\/wp-json\/wp\/v2\/pages"}],"about":[{"href":"https:\/\/mutreta.top\/wiki\/wp-json\/wp\/v2\/types\/page"}],"author":[{"embeddable":true,"href":"https:\/\/mutreta.top\/wiki\/wp-json\/wp\/v2\/users\/1"}],"replies":[{"embeddable":true,"href":"https:\/\/mutreta.top\/wiki\/wp-json\/wp\/v2\/comments?post=725"}],"version-history":[{"count":7,"href":"https:\/\/mutreta.top\/wiki\/wp-json\/wp\/v2\/pages\/725\/revisions"}],"predecessor-version":[{"id":917,"href":"https:\/\/mutreta.top\/wiki\/wp-json\/wp\/v2\/pages\/725\/revisions\/917"}],"wp:attachment":[{"href":"https:\/\/mutreta.top\/wiki\/wp-json\/wp\/v2\/media?parent=725"}],"curies":[{"name":"wp","href":"https:\/\/api.w.org\/{rel}","templated":true}]}}