{"id":731,"date":"2026-03-10T13:14:02","date_gmt":"2026-03-10T16:14:02","guid":{"rendered":"https:\/\/mutreta.top\/wiki\/?page_id=731"},"modified":"2026-04-07T14:44:39","modified_gmt":"2026-04-07T17:44:39","slug":"como-participar-de-gens","status":"publish","type":"page","link":"https:\/\/mutreta.top\/wiki\/como-participar-de-gens\/","title":{"rendered":"Como Participar de Gens"},"content":{"rendered":"\n<hr class=\"wp-block-separator has-alpha-channel-opacity\"\/>\n\n\n\n<p><\/p>\n\n\n\n<h3 class=\"wp-block-heading\">\ud83d\udee1\ufe0f O que s\u00e3o Gens?<\/h3>\n\n\n\n<p>Gens \u00e9 um cl\u00e1ssico sistema de fac\u00e7\u00f5es, onde os jogadores escolhem entre o lado de Vanert ou Duprian e se degladiam por fama, honra ou territ\u00f3rio.<\/p>\n\n\n\n<h3 class=\"wp-block-heading\">\ud83d\udcdd Como participar de Gens?<\/h3>\n\n\n\n<p>Para solicitar a participa\u00e7\u00e3o de Gens, visite o l\u00edder de alguma das duas fac\u00e7\u00f5es (<strong>Vanert<\/strong> ou <strong>Duprian<\/strong>). <strong>Duprian<\/strong> fica localizado em <strong>Lorencia (139, 139)<\/strong>, enquanto <strong>Vanert<\/strong> pode ser encontrado em <strong>Noria (168, 99)<\/strong>. Diga a um deles que gostaria de participar de sua fac\u00e7\u00e3o e, a partir da\u00ed, voc\u00ea receber\u00e1 um bras\u00e3o ao lado de seu nome com a inicial da fac\u00e7\u00e3o escolhida.<\/p>\n\n\n\n<figure class=\"wp-block-image size-full\"><img loading=\"lazy\" decoding=\"async\" width=\"632\" height=\"408\" src=\"https:\/\/mutreta.top\/wiki\/wp-content\/uploads\/2026\/04\/gens.png\" alt=\"\" class=\"wp-image-1028\" srcset=\"https:\/\/mutreta.top\/wiki\/wp-content\/uploads\/2026\/04\/gens.png 632w, https:\/\/mutreta.top\/wiki\/wp-content\/uploads\/2026\/04\/gens-300x194.png 300w\" sizes=\"auto, (max-width: 632px) 100vw, 632px\" \/><\/figure>\n\n\n\n<p>Existem premia\u00e7\u00f5es e benef\u00edcios que podem ser obtidos ao participar de miss\u00f5es dos Gens. Ao escolher um Gens, converse com o seu respectivo l\u00edder para avaliar as miss\u00f5es dispon\u00edveis e comece a pontuar!<\/p>\n\n\n\n<p><\/p>\n","protected":false},"excerpt":{"rendered":"<div class=\"mh-excerpt\"><p>\ud83d\udee1\ufe0f O que s\u00e3o Gens? Gens \u00e9 um cl\u00e1ssico sistema de fac\u00e7\u00f5es, onde os jogadores escolhem entre o lado de Vanert ou Duprian e se <a class=\"mh-excerpt-more\" href=\"https:\/\/mutreta.top\/wiki\/como-participar-de-gens\/\" title=\"Como Participar de Gens\">[&#8230;]<\/a><\/p>\n<\/div>","protected":false},"author":1,"featured_media":0,"parent":0,"menu_order":0,"comment_status":"closed","ping_status":"closed","template":"","meta":{"footnotes":""},"class_list":["post-731","page","type-page","status-publish","hentry"],"_links":{"self":[{"href":"https:\/\/mutreta.top\/wiki\/wp-json\/wp\/v2\/pages\/731","targetHints":{"allow":["GET"]}}],"collection":[{"href":"https:\/\/mutreta.top\/wiki\/wp-json\/wp\/v2\/pages"}],"about":[{"href":"https:\/\/mutreta.top\/wiki\/wp-json\/wp\/v2\/types\/page"}],"author":[{"embeddable":true,"href":"https:\/\/mutreta.top\/wiki\/wp-json\/wp\/v2\/users\/1"}],"replies":[{"embeddable":true,"href":"https:\/\/mutreta.top\/wiki\/wp-json\/wp\/v2\/comments?post=731"}],"version-history":[{"count":6,"href":"https:\/\/mutreta.top\/wiki\/wp-json\/wp\/v2\/pages\/731\/revisions"}],"predecessor-version":[{"id":1031,"href":"https:\/\/mutreta.top\/wiki\/wp-json\/wp\/v2\/pages\/731\/revisions\/1031"}],"wp:attachment":[{"href":"https:\/\/mutreta.top\/wiki\/wp-json\/wp\/v2\/media?parent=731"}],"curies":[{"name":"wp","href":"https:\/\/api.w.org\/{rel}","templated":true}]}}