{"id":769,"date":"2026-03-16T21:40:56","date_gmt":"2026-03-17T00:40:56","guid":{"rendered":"https:\/\/mutreta.top\/wiki\/?page_id=769"},"modified":"2026-03-16T21:40:56","modified_gmt":"2026-03-17T00:40:56","slug":"god-of-darkness","status":"publish","type":"page","link":"https:\/\/mutreta.top\/wiki\/god-of-darkness\/","title":{"rendered":"God of Darkness"},"content":{"rendered":"\n<h3 class=\"wp-block-heading\">\u26a0\ufe0f N\u00edvel recomendado: 900+<\/h3>\n\n\n\n<figure class=\"wp-block-image size-full\"><img loading=\"lazy\" decoding=\"async\" width=\"728\" height=\"486\" src=\"https:\/\/mutreta.top\/wiki\/wp-content\/uploads\/2026\/03\/god-of-darkness.png\" alt=\"\" class=\"wp-image-770\" srcset=\"https:\/\/mutreta.top\/wiki\/wp-content\/uploads\/2026\/03\/god-of-darkness.png 728w, https:\/\/mutreta.top\/wiki\/wp-content\/uploads\/2026\/03\/god-of-darkness-300x200.png 300w\" sizes=\"auto, (max-width: 728px) 100vw, 728px\" \/><\/figure>\n\n\n\n<h3 class=\"wp-block-heading\">\ud83d\udccd Localiza\u00e7\u00e3o<\/h3>\n\n\n\n<ul class=\"wp-block-list\">\n<li>Swamp of Darkness <strong>(186, 17)<\/strong><\/li>\n<\/ul>\n\n\n\n<h3 class=\"wp-block-heading\">\ud83d\udccb Informa\u00e7\u00f5es<\/h3>\n\n\n\n<ul class=\"wp-block-list\">\n<li><strong>Vida:<\/strong> 30.000.000 de pontos<\/li>\n\n\n\n<li><strong>Ataque:<\/strong> 10000~12000<\/li>\n\n\n\n<li><strong>Resist\u00eancia Elemental:<\/strong> Nenhuma<\/li>\n<\/ul>\n\n\n\n<h3 class=\"wp-block-heading\">\u2699\ufe0f Mec\u00e2nicas<\/h3>\n\n\n\n<ul class=\"wp-block-list\">\n<li><strong>Elimine os Guardi\u00f5es Primeiro<\/strong>: Ao entrar na \u00e1rea do chefe em Swamp of Darkness, voc\u00ea encontrar\u00e1 <strong>dois monstros<\/strong> poderosos. Para fazer o God of Darkness aparecer, voc\u00ea\u00a0<strong>deve derrotar primeiro o &#8220;Monster of The Water&#8221;<\/strong>. Enquanto o &#8220;<strong>Monster of The Swamp<\/strong>&#8221; estiver vivo, ele pode invocar ajudantes, ent\u00e3o \u00e9 crucial gerenciar ambos.<\/li>\n\n\n\n<li><strong>Cuidado com o ataque fatal<\/strong>: Durante a batalha contra o God of Darkness, fique atento ao ataque &#8220;Black Smoke&#8221; (Fuma\u00e7a Negra). Se voc\u00ea for pego por ele,\u00a0<strong>morrer\u00e1 instantaneamente<\/strong>, independentemente do seu n\u00edvel ou defesa.<\/li>\n\n\n\n<li><strong>A uni\u00e3o faz a for\u00e7a<\/strong>: Esta n\u00e3o \u00e9 uma batalha para se enfrentar sozinho. A luta exige trabalho em equipe, coordena\u00e7\u00e3o e uma estrat\u00e9gia bem definida para que todos sobrevivam e consigam derrotar o chefe.<\/li>\n\n\n\n<li><strong>Esteja atento ao tempo<\/strong>: Ap\u00f3s a entrada na zona do boss, existe um limite de\u00a0<strong>10 minutos<\/strong>\u00a0para derrot\u00e1-lo. Se o tempo acabar, todos os personagens dentro da \u00e1rea morrer\u00e3o instantaneamente e o chefe recuperar\u00e1 toda a sua vida.<\/li>\n<\/ul>\n","protected":false},"excerpt":{"rendered":"<div class=\"mh-excerpt\"><p>\u26a0\ufe0f N\u00edvel recomendado: 900+ \ud83d\udccd Localiza\u00e7\u00e3o \ud83d\udccb Informa\u00e7\u00f5es \u2699\ufe0f Mec\u00e2nicas<\/p>\n<\/div>","protected":false},"author":1,"featured_media":0,"parent":0,"menu_order":0,"comment_status":"closed","ping_status":"closed","template":"","meta":{"footnotes":""},"class_list":["post-769","page","type-page","status-publish","hentry"],"_links":{"self":[{"href":"https:\/\/mutreta.top\/wiki\/wp-json\/wp\/v2\/pages\/769","targetHints":{"allow":["GET"]}}],"collection":[{"href":"https:\/\/mutreta.top\/wiki\/wp-json\/wp\/v2\/pages"}],"about":[{"href":"https:\/\/mutreta.top\/wiki\/wp-json\/wp\/v2\/types\/page"}],"author":[{"embeddable":true,"href":"https:\/\/mutreta.top\/wiki\/wp-json\/wp\/v2\/users\/1"}],"replies":[{"embeddable":true,"href":"https:\/\/mutreta.top\/wiki\/wp-json\/wp\/v2\/comments?post=769"}],"version-history":[{"count":1,"href":"https:\/\/mutreta.top\/wiki\/wp-json\/wp\/v2\/pages\/769\/revisions"}],"predecessor-version":[{"id":772,"href":"https:\/\/mutreta.top\/wiki\/wp-json\/wp\/v2\/pages\/769\/revisions\/772"}],"wp:attachment":[{"href":"https:\/\/mutreta.top\/wiki\/wp-json\/wp\/v2\/media?parent=769"}],"curies":[{"name":"wp","href":"https:\/\/api.w.org\/{rel}","templated":true}]}}