{"id":835,"date":"2026-03-22T11:31:51","date_gmt":"2026-03-22T14:31:51","guid":{"rendered":"https:\/\/mutreta.top\/wiki\/?page_id=835"},"modified":"2026-03-29T01:04:02","modified_gmt":"2026-03-29T04:04:02","slug":"death-king","status":"publish","type":"page","link":"https:\/\/mutreta.top\/wiki\/death-king\/","title":{"rendered":"Death King"},"content":{"rendered":"\n<hr class=\"wp-block-separator has-alpha-channel-opacity\"\/>\n\n\n\n<figure class=\"wp-block-image size-full\"><img loading=\"lazy\" decoding=\"async\" width=\"728\" height=\"486\" src=\"https:\/\/mutreta.top\/wiki\/wp-content\/uploads\/2026\/03\/death-king.png\" alt=\"\" class=\"wp-image-941\" srcset=\"https:\/\/mutreta.top\/wiki\/wp-content\/uploads\/2026\/03\/death-king.png 728w, https:\/\/mutreta.top\/wiki\/wp-content\/uploads\/2026\/03\/death-king-300x200.png 300w\" sizes=\"auto, (max-width: 728px) 100vw, 728px\" \/><\/figure>\n\n\n\n<h3 class=\"wp-block-heading\">\ud83c\udfaf Objetivo<\/h3>\n\n\n\n<p>Matar:<\/p>\n\n\n\n<ul class=\"wp-block-list\">\n<li>Death King<\/li>\n<\/ul>\n\n\n\n<h3 class=\"wp-block-heading\">\ud83d\uddfa\ufe0f Localiza\u00e7\u00e3o<\/h3>\n\n\n\n<ul class=\"wp-block-list\">\n<li>Lorencia<\/li>\n\n\n\n<li>Devias<\/li>\n\n\n\n<li>Noria<\/li>\n<\/ul>\n\n\n\n<h3 class=\"wp-block-heading\">\ud83e\udde0 Estrat\u00e9gia<\/h3>\n\n\n\n<ul class=\"wp-block-list\">\n<li>Ao se aproximar do local do Death King, \u00e9 poss\u00edvel escut\u00e1-lo. Fique atento ao som.<\/li>\n\n\n\n<li>O spawn \u00e9 r\u00e1pido e disputado, portanto fique de olho no hor\u00e1rio do evento.<\/li>\n\n\n\n<li>Para o evento, \u00e9 recomendado usar personagens m\u00f3veis (mais \u00e1geis).<\/li>\n\n\n\n<li>Aprenda os locais aproximados do spawn do Death King e mate antes da concorr\u00eancia!<\/li>\n<\/ul>\n","protected":false},"excerpt":{"rendered":"<div class=\"mh-excerpt\"><p>\ud83c\udfaf Objetivo Matar: \ud83d\uddfa\ufe0f Localiza\u00e7\u00e3o \ud83e\udde0 Estrat\u00e9gia<\/p>\n<\/div>","protected":false},"author":1,"featured_media":0,"parent":0,"menu_order":0,"comment_status":"closed","ping_status":"closed","template":"","meta":{"footnotes":""},"class_list":["post-835","page","type-page","status-publish","hentry"],"_links":{"self":[{"href":"https:\/\/mutreta.top\/wiki\/wp-json\/wp\/v2\/pages\/835","targetHints":{"allow":["GET"]}}],"collection":[{"href":"https:\/\/mutreta.top\/wiki\/wp-json\/wp\/v2\/pages"}],"about":[{"href":"https:\/\/mutreta.top\/wiki\/wp-json\/wp\/v2\/types\/page"}],"author":[{"embeddable":true,"href":"https:\/\/mutreta.top\/wiki\/wp-json\/wp\/v2\/users\/1"}],"replies":[{"embeddable":true,"href":"https:\/\/mutreta.top\/wiki\/wp-json\/wp\/v2\/comments?post=835"}],"version-history":[{"count":3,"href":"https:\/\/mutreta.top\/wiki\/wp-json\/wp\/v2\/pages\/835\/revisions"}],"predecessor-version":[{"id":943,"href":"https:\/\/mutreta.top\/wiki\/wp-json\/wp\/v2\/pages\/835\/revisions\/943"}],"wp:attachment":[{"href":"https:\/\/mutreta.top\/wiki\/wp-json\/wp\/v2\/media?parent=835"}],"curies":[{"name":"wp","href":"https:\/\/api.w.org\/{rel}","templated":true}]}}