{"id":9,"date":"2026-02-26T12:52:11","date_gmt":"2026-02-26T15:52:11","guid":{"rendered":"https:\/\/mutreta.top\/wiki\/?page_id=9"},"modified":"2026-04-07T17:29:38","modified_gmt":"2026-04-07T20:29:38","slug":"sobre","status":"publish","type":"page","link":"https:\/\/mutreta.top\/wiki\/","title":{"rendered":"Sobre"},"content":{"rendered":"\n<hr class=\"wp-block-separator has-alpha-channel-opacity\"\/>\n\n\n\n<figure class=\"wp-block-table\"><table class=\"has-fixed-layout\"><tbody><tr><td>Vers\u00e3o do servidor<\/td><td>Season 19 Ep 2-3<\/td><\/tr><tr><td>Experi\u00eancia Normal (N\u00edvel 400-)<\/td><td>50x ~ 70x \u2014 Experi\u00eancia Din\u00e2mica \u2014 Dificuldade F\u00e1cil<\/td><\/tr><tr><td>Experi\u00eancia Master (N\u00edvel 401+)<\/td><td>60x ~ 150x \u2014 Experi\u00eancia Din\u00e2mica \u2014 Dificuldade M\u00e9dia<\/td><\/tr><tr><td>Experi\u00eancia Majestic (N\u00edvel 801+)<\/td><td>1000x ~ 3000x \u2014 Experi\u00eancia Din\u00e2mica \u2014 Dificuldade M\u00e9dia<\/td><\/tr><tr><td>B\u00f4nus de Experi\u00eancia<\/td><td>Acumul\u00e1vel at\u00e9 700% (itens, buffs e outros)<\/td><\/tr><tr><td>Chance de Drop<\/td><td>50% \u2014 Chance Din\u00e2mica \u2014 Dificuldade M\u00e9dia<\/td><\/tr><tr><td>Chance de Zen<\/td><td>50% \u2014 Chance Din\u00e2mica \u2014 Dificuldade M\u00e9dia<\/td><\/tr><tr><td>N\u00edvel M\u00e1ximo<\/td><td>1550<\/td><\/tr><tr><td>Pontos por N\u00edvel<\/td><td>Classes comuns: 10 pontos \u2014 Classes especiais: 14 pontos<\/td><\/tr><tr><td>Sistema de Resets<\/td><td>Desativado<\/td><\/tr><tr><td>Sistema de VIP<\/td><td>Ativo \u2014 Obtido convertendo tempo jogado em tempo de VIP ou por&nbsp;<a href=\"https:\/\/mutreta.top\/donation\" target=\"_blank\" rel=\"noreferrer noopener\">doa\u00e7\u00f5es<\/a>.<\/td><\/tr><tr><td>Vantagens por dinheiro real (equipamentos, sets, joias, personagens full&#8230;)<\/td><td><strong>Jamais ser\u00e3o vendidos<\/strong>&nbsp;(R$) por nossa equipe. N\u00e3o toleramos essas pr\u00e1ticas.<\/td><\/tr><tr><td>X Shop (menu de ofertas em Moedas Virtuais dentro do jogo)<\/td><td><strong>N\u00e3o h\u00e1 itens ou joias.<\/strong>&nbsp;H\u00e1 somente buffs de EXP, Passes de Batalha e similares.<\/td><\/tr><tr><td>Moedas Virtuais<\/td><td>Obtidas de gra\u00e7a ao jogar. Podem ser obtidas tamb\u00e9m por&nbsp;<a href=\"https:\/\/mutreta.top\/donation\" target=\"_blank\" rel=\"noreferrer noopener\">doa\u00e7\u00f5es<\/a>.<\/td><\/tr><tr><td>Moedas Goblin<\/td><td>Obtidos de gra\u00e7a ao jogar. N\u00e3o \u00e9 poss\u00edvel obter via doa\u00e7\u00f5es.<\/td><\/tr><tr><td>Joalheiro Raul<\/td><td>NPC que oferece itens por Moedas Goblin (n\u00e3o \u00e9 poss\u00edvel obter via doa\u00e7\u00f5es).<\/td><\/tr><tr><td>Sistema de Temporadas<\/td><td>Ativo \u2014 Jogadores obt\u00eam Moedas Virtuais como recompensa de temporada.<\/td><\/tr><tr><td>Dura\u00e7\u00e3o das Temporadas<\/td><td>120 dias<\/td><\/tr><tr><td>Recompensa das Temporadas<\/td><td>A depender das conquistas da temporada anterior obtidas por cada jogador.<\/td><\/tr><tr><td>MU Helper (vulgo &#8220;auto-farm&#8221;)<\/td><td>Dispon\u00edvel por completo para todos os jogadores a partir do n\u00edvel 6.<\/td><\/tr><tr><td>OffAttack (vulgo &#8220;auto-farm offline&#8221;)<\/td><td>Dispon\u00edvel por completo para todos os jogadores a partir do n\u00edvel 6.<\/td><\/tr><tr><td>Cria\u00e7\u00e3o de Guilda<\/td><td>Dispon\u00edvel para todos os jogadores partir do n\u00edvel 100.<\/td><\/tr><tr><td>M\u00e1ximo de Alian\u00e7as de Guilda<\/td><td>1<\/td><\/tr><tr><td>Elfa Ajudante (buffs para novatos)<\/td><td>Dispon\u00edvel para todos os jogadores at\u00e9 o n\u00edvel 350.<\/td><\/tr><tr><td>Cliente do jogo<\/td><td>Padr\u00e3o 30 FPS (recomenda-se&nbsp;<a href=\"https:\/\/mutreta.top\/wiki\/aumentar-fps-jogo-em-tela-cheia\/\" target=\"_blank\" rel=\"noreferrer noopener\">Lossless Scaling<\/a>).<\/td><\/tr><tr><td>Conex\u00f5es simult\u00e2neas por IP<\/td><td>Limitadas em 3.<\/td><\/tr><\/tbody><\/table><\/figure>\n\n\n\n<h2 class=\"wp-block-heading\">B\u00f4nus de Experi\u00eancia em Grupo<\/h2>\n\n\n\n<figure class=\"wp-block-table is-style-regular\"><table><tbody><tr><td class=\"has-text-align-center\" data-align=\"center\" rowspan=\"2\">Membros do Grupo<\/td><td class=\"has-text-align-center\" data-align=\"center\" colspan=\"5\">Experi\u00eancia<\/td><\/tr><tr><td class=\"has-text-align-center\" data-align=\"center\">Personagens de mesma classe<\/td><td class=\"has-text-align-center\" data-align=\"center\">Personagens de classes diferentes<\/td><\/tr><tr><td class=\"has-text-align-center\" data-align=\"center\">4 jogadores<\/td><td class=\"has-text-align-center\" data-align=\"center\">+25%<\/td><td class=\"has-text-align-center\" data-align=\"center\">+25%<\/td><\/tr><tr><td class=\"has-text-align-center\" data-align=\"center\">5 jogadores<\/td><td class=\"has-text-align-center\" data-align=\"center\">+35%<\/td><td class=\"has-text-align-center\" data-align=\"center\">+35%<\/td><\/tr><\/tbody><\/table><\/figure>\n\n\n\n<h2 class=\"wp-block-heading\">Personaliza\u00e7\u00f5es do Servidor<\/h2>\n\n\n\n<figure class=\"wp-block-table\"><table class=\"has-fixed-layout\"><tbody><tr><td>Moedas Virtuais (&#8220;cash&#8221;) por hora<\/td><td>Sim, 5 MV obtidas por hora, com b\u00f4nus caso seja VIP.<\/td><\/tr><tr><td>Moedas Goblin por hora<\/td><td>Sim, 5 GP obtidos por hora, com b\u00f4nus caso seja VIP.<\/td><\/tr><tr><td>Moedas Ruud<\/td><td>Garantidas de bosses, monstros dourados e caixas de Kundun, de alguns eventos e raramente de monstros comuns.<\/td><\/tr><tr><td>Premia\u00e7\u00f5es de Ruud di\u00e1rias<\/td><td>Os tr\u00eas primeiros colocados do placar de eventos recebem Ruud diariamente, com b\u00f4nus caso sejam VIPs.<\/td><\/tr><tr><td>Mercador Moss<\/td><td>Todas as recompensas poss\u00edveis foram personalizadas. Mais itens relevantes podem vir ao tentar a sorte.<\/td><\/tr><tr><td>Zen obtido ao vender joias em NPCs<\/td><td>3.000.000 zen (todas as joias padr\u00e3o do jogo)<\/td><\/tr><tr><td>Asas \/ Capas &#8211; n\u00edvel 1<\/td><td>15 Jewel of Bless (item +0 +Sorte, qualquer classe) &#8211; Dispon\u00edvel no NPC: Rugard (Aida &#8211; 82, 13)<\/td><\/tr><tr><td>Asas \/ Capas &#8211; n\u00edvel 2<\/td><td>30 Jewel of Bless (item +0 +Sorte, qualquer classe) &#8211; Dispon\u00edvel no NPC: Rugard (Aida &#8211; 82, 13)<\/td><\/tr><tr><td>Asas \/ Capas &#8211; n\u00edvel 3<\/td><td>90 Jewel of Chaos (item +0 +Sorte, qualquer classe) &#8211; Dispon\u00edvel no NPC: Godric (Acheron &#8211; 34, 191)<\/td><\/tr><tr><td>Asas \/ Capas &#8211; n\u00edvel 4<\/td><td>180 Jewel of Chaos (item +0 +Sorte, qualquer classe) &#8211; Dispon\u00edvel no NPC: Godric (Acheron &#8211; 34, 191)<\/td><\/tr><tr><td>Asas \/ Capas &#8211; n\u00edvel 5<\/td><td>360 Jewel of Soul (item +0 +Sorte, qualquer classe) &#8211; Dispon\u00edvel no NPC: Titus (Blaze Kethotum &#8211; 130, 14)<\/td><\/tr><tr><td>Ancient&#8217;s Hero Soul<\/td><td>100 Moedas Goblin &#8211; Dispon\u00edvel no NPC: Raul (Noria &#8211; 189, 126)<\/td><\/tr><\/tbody><\/table><\/figure>\n\n\n\n<p><\/p>\n","protected":false},"excerpt":{"rendered":"<div class=\"mh-excerpt\"><p>Vers\u00e3o do servidor Season 19 Ep 2-3 Experi\u00eancia Normal (N\u00edvel 400-) 50x ~ 70x \u2014 Experi\u00eancia Din\u00e2mica \u2014 Dificuldade F\u00e1cil Experi\u00eancia Master (N\u00edvel 401+) 60x <a class=\"mh-excerpt-more\" href=\"https:\/\/mutreta.top\/wiki\/\" title=\"Sobre\">[&#8230;]<\/a><\/p>\n<\/div>","protected":false},"author":1,"featured_media":0,"parent":0,"menu_order":0,"comment_status":"closed","ping_status":"closed","template":"","meta":{"footnotes":""},"class_list":["post-9","page","type-page","status-publish","hentry"],"_links":{"self":[{"href":"https:\/\/mutreta.top\/wiki\/wp-json\/wp\/v2\/pages\/9","targetHints":{"allow":["GET"]}}],"collection":[{"href":"https:\/\/mutreta.top\/wiki\/wp-json\/wp\/v2\/pages"}],"about":[{"href":"https:\/\/mutreta.top\/wiki\/wp-json\/wp\/v2\/types\/page"}],"author":[{"embeddable":true,"href":"https:\/\/mutreta.top\/wiki\/wp-json\/wp\/v2\/users\/1"}],"replies":[{"embeddable":true,"href":"https:\/\/mutreta.top\/wiki\/wp-json\/wp\/v2\/comments?post=9"}],"version-history":[{"count":69,"href":"https:\/\/mutreta.top\/wiki\/wp-json\/wp\/v2\/pages\/9\/revisions"}],"predecessor-version":[{"id":1035,"href":"https:\/\/mutreta.top\/wiki\/wp-json\/wp\/v2\/pages\/9\/revisions\/1035"}],"wp:attachment":[{"href":"https:\/\/mutreta.top\/wiki\/wp-json\/wp\/v2\/media?parent=9"}],"curies":[{"name":"wp","href":"https:\/\/api.w.org\/{rel}","templated":true}]}}