{"id":989,"date":"2026-04-03T01:39:58","date_gmt":"2026-04-03T04:39:58","guid":{"rendered":"https:\/\/mutreta.top\/wiki\/?page_id=989"},"modified":"2026-04-03T01:42:49","modified_gmt":"2026-04-03T04:42:49","slug":"maze-of-dimensions-2","status":"publish","type":"page","link":"https:\/\/mutreta.top\/wiki\/maze-of-dimensions-2\/","title":{"rendered":"Maze of Dimensions"},"content":{"rendered":"\n<hr class=\"wp-block-separator has-alpha-channel-opacity\"\/>\n\n\n\n<figure class=\"wp-block-image size-full\"><img loading=\"lazy\" decoding=\"async\" width=\"728\" height=\"486\" src=\"https:\/\/mutreta.top\/wiki\/wp-content\/uploads\/2026\/04\/maze-of-dimensions-1.png\" alt=\"\" class=\"wp-image-992\" srcset=\"https:\/\/mutreta.top\/wiki\/wp-content\/uploads\/2026\/04\/maze-of-dimensions-1.png 728w, https:\/\/mutreta.top\/wiki\/wp-content\/uploads\/2026\/04\/maze-of-dimensions-1-300x200.png 300w\" sizes=\"auto, (max-width: 728px) 100vw, 728px\" \/><\/figure>\n\n\n\n<p>\u00c0 medida em que a dimens\u00e3o foi distorcida, as \u00e1reas internas foram separadas sem conex\u00e3o entre si. Felizmente, por causa disso, Elena foi a \u00fanica que ficou com os subordinados de Kundun. Eles foram levados para uma \u00e1rea remota e conseguiram salvar suas vidas. Em uma dimens\u00e3o distorcida, Elena retorna ao longo dos anos para criar a porta de acesso \u00e0 dimens\u00e3o. Com o passar dos anos, os planos de Elena foram esquecidos na mem\u00f3ria de Kundun, e Elena decidiu restaurar sua dimens\u00e3o distorcida e seguir com seu pr\u00f3prio plano. Atualmente, ela est\u00e1 pedindo ajuda aos aventureiros do continente de MU para derrotarem os subordinados de Kundun que est\u00e3o presos dentro da dimens\u00e3o, com o objetivo de restaur\u00e1-la. Essa \u00e1rea passou a ser chamada de&nbsp;<strong>&#8220;<strong>Maze of Dimensions<\/strong>&#8220;<\/strong>&nbsp;pelos aventureiros que vivenciaram as dimens\u00f5es criadas por Elena.<\/p>\n\n\n\n<h3 class=\"wp-block-heading\">\ud83d\udddd\ufe0f Como entrar<\/h3>\n\n\n\n<figure class=\"wp-block-image\"><img decoding=\"async\" src=\"https:\/\/wiki.realmu.net\/images\/5\/57\/ElenasLetter.png\" alt=\"\"\/><\/figure>\n\n\n\n<p>Para entrar no&nbsp;<strong>Maze of Dimensions<\/strong>, voc\u00ea precisar\u00e1 da&nbsp;<strong>Elena&#8217;s Letter<\/strong>&nbsp;e dever\u00e1 ir at\u00e9 o mapa&nbsp;<strong>Event Square<\/strong>, atravessar um portal e, em seguida, clicar no&nbsp;<strong>Portal of Dimensions<\/strong>.<\/p>\n\n\n\n<ul class=\"wp-block-list\">\n<li>A cada entrada, o item ser\u00e1 consumido.<\/li>\n\n\n\n<li>O acesso \u00e9 individual \u2014 n\u00e3o \u00e9 poss\u00edvel entrar em grupo.<\/li>\n\n\n\n<li>Apenas personagens acima do <strong>n\u00edvel<\/strong>&nbsp;<strong>400 (n\u00edvel master)<\/strong>&nbsp;ou superior podem participar.<\/li>\n\n\n\n<li>Toda quinta-feira, o n\u00famero de acessos permitidos ao evento \u00e9 reiniciado, portanto, haver\u00e1 alguns hor\u00e1rios em que n\u00e3o ser\u00e1 poss\u00edvel acess\u00e1-lo enquanto esse rein\u00edcio n\u00e3o ocorrer.<\/li>\n<\/ul>\n\n\n\n<h3 class=\"wp-block-heading\">\u2694\ufe0f Como jogar<\/h3>\n\n\n\n<ul class=\"wp-block-list\">\n<li>O&nbsp;<strong>Maze of Dimensions<\/strong>&nbsp;\u00e9 composto por 4 est\u00e1gios, um para cada semana do m\u00eas, com um total de 41 andares.<\/li>\n\n\n\n<li>Ao longo do m\u00eas, voc\u00ea pode competir em uma liga que conceder\u00e1 uma recompensa extra ao final do per\u00edodo.<\/li>\n\n\n\n<li>Os andares s\u00e3o desbloqueados semanalmente at\u00e9 alcan\u00e7ar os 41:\n<ul class=\"wp-block-list\">\n<li>1\u00aa semana: 1\u00ba ~ 10\u00ba andar.<\/li>\n\n\n\n<li>2\u00aa semana: 1\u00ba ~ 20\u00ba andar.<\/li>\n\n\n\n<li>3\u00aa semana: 1\u00ba ~ 30\u00ba andar.<\/li>\n\n\n\n<li>4\u00aa semana: 1\u00ba ~ 41\u00ba andar.<\/li>\n<\/ul>\n<\/li>\n<\/ul>\n\n\n\n<ul class=\"wp-block-list\">\n<li>Voc\u00ea pode decidir qual andar deseja entrar.<\/li>\n\n\n\n<li>Em cada andar, \u00e9 necess\u00e1rio encontrar o caminho at\u00e9 a bandeira.<\/li>\n\n\n\n<li>Voc\u00ea deve se mover entre as \u00e1reas para encontrar a sa\u00edda.<\/li>\n\n\n\n<li>As \u00e1reas podem ter os portais vis\u00edveis ou n\u00e3o. Caso n\u00e3o estejam vis\u00edveis, significa que \u00e9 uma \u00e1rea especial, sendo necess\u00e1rio completar uma miss\u00e3o para poder enxergar os portais.<\/li>\n\n\n\n<li>Quando encontrar o caminho e alcan\u00e7ar a bandeira, ser\u00e1 necess\u00e1rio completar 5 miss\u00f5es nessa \u00e1rea para poder avan\u00e7ar para o pr\u00f3ximo andar.<\/li>\n\n\n\n<li>A cada vez que completar o labirinto, voc\u00ea receber\u00e1 recompensas.<\/li>\n<\/ul>\n\n\n\n<h3 class=\"wp-block-heading\">\ud83d\udd26 Tipos de \u00c1reas<\/h3>\n\n\n\n<p><strong>ENTRADA \u2013 PONTO DE PARTIDA:<\/strong><\/p>\n\n\n\n<ul class=\"wp-block-list\">\n<li>Esta \u00e9 a primeira \u00e1rea em que voc\u00ea entra ao acessar o labirinto.<\/li>\n\n\n\n<li>H\u00e1 um ou mais portais que permitem se teletransportar para outra \u00e1rea.<\/li>\n<\/ul>\n\n\n\n<p><strong>\u00c1REA COMUM (COMMON):<\/strong><\/p>\n\n\n\n<ul class=\"wp-block-list\">\n<li>\u00c9 uma \u00e1rea onde n\u00e3o aparecem monstros.<\/li>\n\n\n\n<li>H\u00e1 um ou mais portais para se teletransportar para outra \u00e1rea.<\/li>\n<\/ul>\n\n\n\n<p><strong>\u00c1REA ESPECIAL (SPECIAL):<\/strong><\/p>\n\n\n\n<ul class=\"wp-block-list\">\n<li>Ao entrar, voc\u00ea receber\u00e1 uma miss\u00e3o.<\/li>\n\n\n\n<li>Voc\u00ea deve completar essa miss\u00e3o para que os portais fiquem vis\u00edveis e seja poss\u00edvel ir \u00e0 pr\u00f3xima \u00e1rea.<\/li>\n\n\n\n<li>Se voc\u00ea entrar novamente ap\u00f3s concluir a miss\u00e3o, ela n\u00e3o ser\u00e1 atribu\u00edda a voc\u00ea novamente.<\/li>\n\n\n\n<li>Entre 4 a 8 monstros aparecem e se regeneram constantemente.<\/li>\n<\/ul>\n\n\n\n<p><strong>SA\u00cdDA \u2013 BANDEIRA:<\/strong><\/p>\n\n\n\n<ul class=\"wp-block-list\">\n<li>\u00c9 a \u00e1rea onde voc\u00ea deve entrar para finalizar o n\u00edvel do labirinto.<\/li>\n\n\n\n<li>Voc\u00ea receber\u00e1 5 miss\u00f5es ao entrar.<\/li>\n\n\n\n<li>Entre 4 a 8 monstros aparecem e se regeneram constantemente.<\/li>\n\n\n\n<li>Ap\u00f3s completar todas as miss\u00f5es atribu\u00eddas, o&nbsp;<strong>Maze of Dimensions<\/strong>&nbsp;ser\u00e1 finalizado.<\/li>\n<\/ul>\n\n\n\n<h3 class=\"wp-block-heading\">\ud83d\udcdc Tipos de Miss\u00f5es<\/h3>\n\n\n\n<p><strong>REACH OBJECTIVE MONSTER KILL COUNTS:<\/strong><\/p>\n\n\n\n<ul class=\"wp-block-list\">\n<li>Derrote a quantidade especificada de monstros.<\/li>\n<\/ul>\n\n\n\n<p><strong>KILL MONSTERS WITHIN THE TIME LIMIT:<\/strong><\/p>\n\n\n\n<ul class=\"wp-block-list\">\n<li>Voc\u00ea deve matar monstros dentro do limite de 1 minuto.<\/li>\n<\/ul>\n\n\n\n<p><strong>REACH ACCUMULATIVE DMG DEALT:<\/strong><\/p>\n\n\n\n<ul class=\"wp-block-list\">\n<li>Cause dano acumulado ao atingir monstros.<\/li>\n<\/ul>\n\n\n\n<p><strong>REACH ACCUMULATIVE DMG RECEIVED:<\/strong><\/p>\n\n\n\n<ul class=\"wp-block-list\">\n<li>Ao ser atingido por monstros, atinja o valor acumulado de dano recebido necess\u00e1rio.<\/li>\n<\/ul>\n\n\n\n<p><strong>REACH OBJECTIVE HELPER USAGE TIME (1 MIN):<\/strong><\/p>\n\n\n\n<ul class=\"wp-block-list\">\n<li>Usando o MU Helper, atinja o tempo de uso requerido.<\/li>\n<\/ul>\n\n\n\n<p><strong>ELIMINATE MONSTERS WITHOUT HP RECOVERY ITEMS:<\/strong><\/p>\n\n\n\n<ul class=\"wp-block-list\">\n<li>Sem usar elixires de HP, derrote o n\u00famero especificado de monstros.<\/li>\n<\/ul>\n\n\n\n<p><strong>ELIMINATE MONSTERS WITHOUT MP RECOVERY ITEMS:<\/strong><\/p>\n\n\n\n<ul class=\"wp-block-list\">\n<li>Sem usar elixires de mana (MP), derrote o n\u00famero especificado de monstros.<\/li>\n<\/ul>\n\n\n\n<h3 class=\"wp-block-heading\">\ud83d\udcb0 Recompensas<\/h3>\n\n\n\n<p>Toda vez que voc\u00ea completar um n\u00edvel do labirinto, voc\u00ea receber\u00e1 uma&nbsp;<strong>Maze of Dimension Box<\/strong>, que pode ser de n\u00edvel&nbsp;baixo (<strong>lower)<\/strong>, m\u00e9dio&nbsp;(<strong>medium<\/strong>)&nbsp;ou alto&nbsp;(<strong>higher)<\/strong>. Ao final do m\u00eas da&nbsp;<strong>liga<\/strong>, caso esteja entre os melhores ranks (<strong>silver<\/strong>,&nbsp;<strong>gold<\/strong>&nbsp;ou&nbsp;<strong>legend<\/strong>), voc\u00ea receber\u00e1 caixas b\u00f4nus.<\/p>\n\n\n\n<ul class=\"wp-block-list\">\n<li><strong>Legend<\/strong>: Mystery Box of Dimension x10<\/li>\n\n\n\n<li><strong>Gold<\/strong>: Mystery Box of Dimension x5<\/li>\n\n\n\n<li><strong>Silver<\/strong>: Mystery Box of Dimension x2<\/li>\n<\/ul>\n\n\n\n<p>As recompensas s\u00e3o entregues no Invent\u00e1rio de Recompensas (<strong>atalho: K<\/strong>).<\/p>\n\n\n\n<h4 class=\"wp-block-heading\">\ud83d\udce6 LOWER MAZE OF DIMENSION BOX<\/h4>\n\n\n\n<p><em>Voc\u00ea receber\u00e1 aleatoriamente 1 dos seguintes itens:<\/em><\/p>\n\n\n\n<ul class=\"wp-block-list\">\n<li>(Bound) Bless of Light (Low) x5<\/li>\n\n\n\n<li>(Bound) Bless of Light (Middle) x3<\/li>\n\n\n\n<li>Jewel of Bless x1<\/li>\n\n\n\n<li>Jewel of Soul x1<\/li>\n\n\n\n<li>150 Ruud<\/li>\n<\/ul>\n\n\n\n<h4 class=\"wp-block-heading\">\ud83d\udce6 MEDIUM MAZE OF DIMENSION BOX<\/h4>\n\n\n\n<p><em>Voc\u00ea receber\u00e1 aleatoriamente 1 dos seguintes itens<\/em>:<\/p>\n\n\n\n<ul class=\"wp-block-list\">\n<li>(Bound) Bless of Light (Low) x5<\/li>\n\n\n\n<li>(Bound) Bless of Light (Middle) x3<\/li>\n\n\n\n<li>Jewel of Bless x1<\/li>\n\n\n\n<li>Jewel of Soul x1<\/li>\n\n\n\n<li>250 Ruud<\/li>\n<\/ul>\n\n\n\n<h4 class=\"wp-block-heading\">\ud83d\udce6 HIGHER MAZE OF DIMENSION BOX<\/h4>\n\n\n\n<p><em>Voc\u00ea receber\u00e1 aleatoriamente 1 dos seguintes itens:<\/em><\/p>\n\n\n\n<ul class=\"wp-block-list\">\n<li>Sealed Armor Fragment (50)<\/li>\n\n\n\n<li>Hero Bloodangel Soul<\/li>\n\n\n\n<li>(Bound) Bless of Light (Middle) x3<\/li>\n\n\n\n<li>(Bound) Bless of Light (High) x2<\/li>\n\n\n\n<li>Jewel of Bless x1<\/li>\n\n\n\n<li>Bundle of Jewel of Bless (20)<\/li>\n\n\n\n<li>Bundle of Jewel of Soul (20)<\/li>\n\n\n\n<li>450 Ruud<\/li>\n<\/ul>\n\n\n\n<h3 class=\"wp-block-heading\">\ud83d\udcda Detalhes Importantes<\/h3>\n\n\n\n<p>Os elementos dos monstros s\u00e3o determinados aleatoriamente no in\u00edcio do&nbsp;Maze of Dimensions. Durante a&nbsp;liga&nbsp;(4 semanas), os monstros que aparecem no labirinto ter\u00e3o o elemento previamente definido. Ao clicar no portal de entrada do Maze of Dimensions, voc\u00ea poder\u00e1 verificar qual elemento foi aplicado aos monstros daquela liga.<\/p>\n\n\n\n<h3 class=\"wp-block-heading\">\ud83d\udcd1 Regras do Evento<\/h3>\n\n\n\n<p><strong>Dura\u00e7\u00e3o<\/strong>: N\u00e3o h\u00e1 limite de tempo.<\/p>\n\n\n\n<ul class=\"wp-block-list\">\n<li>O evento \u00e9 individual \u2014 n\u00e3o \u00e9 poss\u00edvel realiz\u00e1-lo em grupo.<\/li>\n\n\n\n<li>Caso voc\u00ea morra no&nbsp;<strong>Maze of Dimensions<\/strong>, n\u00e3o perder\u00e1 experi\u00eancia, Zen ou itens.<\/li>\n\n\n\n<li>Se o personagem estiver com status de assassino, ele n\u00e3o poder\u00e1 entrar no Maze of Dimensions.<\/li>\n\n\n\n<li>O&nbsp;<strong>mini-map<\/strong>&nbsp;est\u00e1 dispon\u00edvel dentro do Maze of Dimensions.<\/li>\n\n\n\n<li>Somente a \u00e1rea inicial, a \u00e1rea de sa\u00edda e as \u00e1reas visitadas ser\u00e3o mostradas no mini-map.<\/li>\n\n\n\n<li>Os monstros que aparecem no labirinto deixam cair apenas&nbsp;<strong>Zen<\/strong>&nbsp;ao serem derrotados.<\/li>\n\n\n\n<li>Se voc\u00ea sair do evento, o progresso daquele labirinto n\u00e3o ser\u00e1 salvo.<\/li>\n\n\n\n<li>N\u00e3o \u00e9 poss\u00edvel usar o item&nbsp;<strong>Town Portal Scroll<\/strong>&nbsp;dentro do Maze of Dimensions.<\/li>\n<\/ul>\n","protected":false},"excerpt":{"rendered":"<div class=\"mh-excerpt\"><p>\u00c0 medida em que a dimens\u00e3o foi distorcida, as \u00e1reas internas foram separadas sem conex\u00e3o entre si. Felizmente, por causa disso, Elena foi a \u00fanica <a class=\"mh-excerpt-more\" href=\"https:\/\/mutreta.top\/wiki\/maze-of-dimensions-2\/\" title=\"Maze of Dimensions\">[&#8230;]<\/a><\/p>\n<\/div>","protected":false},"author":1,"featured_media":0,"parent":0,"menu_order":0,"comment_status":"closed","ping_status":"closed","template":"","meta":{"footnotes":""},"class_list":["post-989","page","type-page","status-publish","hentry"],"_links":{"self":[{"href":"https:\/\/mutreta.top\/wiki\/wp-json\/wp\/v2\/pages\/989","targetHints":{"allow":["GET"]}}],"collection":[{"href":"https:\/\/mutreta.top\/wiki\/wp-json\/wp\/v2\/pages"}],"about":[{"href":"https:\/\/mutreta.top\/wiki\/wp-json\/wp\/v2\/types\/page"}],"author":[{"embeddable":true,"href":"https:\/\/mutreta.top\/wiki\/wp-json\/wp\/v2\/users\/1"}],"replies":[{"embeddable":true,"href":"https:\/\/mutreta.top\/wiki\/wp-json\/wp\/v2\/comments?post=989"}],"version-history":[{"count":3,"href":"https:\/\/mutreta.top\/wiki\/wp-json\/wp\/v2\/pages\/989\/revisions"}],"predecessor-version":[{"id":994,"href":"https:\/\/mutreta.top\/wiki\/wp-json\/wp\/v2\/pages\/989\/revisions\/994"}],"wp:attachment":[{"href":"https:\/\/mutreta.top\/wiki\/wp-json\/wp\/v2\/media?parent=989"}],"curies":[{"name":"wp","href":"https:\/\/api.w.org\/{rel}","templated":true}]}}